{"id":813,"date":"2020-12-15T14:06:51","date_gmt":"2020-12-15T14:06:51","guid":{"rendered":"http:\/\/udine.arriva.it\/news-2\/"},"modified":"2021-03-17T12:01:42","modified_gmt":"2021-03-17T12:01:42","slug":"news-2","status":"publish","type":"page","link":"https:\/\/www.arrivaudine.it\/en\/news-2\/","title":{"rendered":"News"},"content":{"rendered":"\n<div class=\"wp-block-ktk-container  ktk-block-container\"><div class=\"ktk-block-container__content ktk-block-container__content--bg-none\">\n<div class=\"wp-block-acf-ktk-page-title \">\n    <h1 class=\"wp-block-acf-ktk-page-title__title\">News<\/h1>\n<\/div>\n\n\n\n<div class=\"wp-block-acf-ktk-news-grid wp-block-acf-ktk-news-grid--columns3 \">\n                    <div class=\"wp-block-acf-ktk-news-grid__column\">\n            <div class=\"ktk-card\">\n                <div class=\"ktk-card__img-container\">\n                    <img width=\"540\" height=\"270\" src=\"https:\/\/arriva.it\/app\/uploads\/sites\/8\/2022\/02\/green-pass-verde.original-540x270.jpg\" class=\"ktk-card__img\" alt=\"\" decoding=\"async\" loading=\"lazy\" srcset=\"https:\/\/arriva.it\/app\/uploads\/sites\/8\/2022\/02\/green-pass-verde.original-540x270.jpg 540w, https:\/\/arriva.it\/app\/uploads\/sites\/8\/2022\/02\/green-pass-verde.original-350x175.jpg 350w, https:\/\/arriva.it\/app\/uploads\/sites\/8\/2022\/02\/green-pass-verde.original-250x125.jpg 250w\" sizes=\"(max-width: 540px) 100vw, 540px\" \/>                <\/div>\n                <div class=\"ktk-card__body\">\n                    <h5 class=\"ktk-card__title\">Dal 1 febbraio 2022 obbligo di Green Pass nelle biglietterie<\/h5>\n                                            <p class=\"ktk-card__publication-date\">01.02.2022<\/p>\n                                        <div class=\"ktk-card__text\">\n                                            <\/div>\n                <\/div>\n                <div class=\"ktk-card__footer\">\n                    <a class=\"btn ktk-card__btn\" href=\"https:\/\/www.arrivaudine.it\/en\/news\/2946\/\" >\n                        Read more                    <\/a>\n                <\/div>\n            <\/div>\n        <\/div>\n                    <div class=\"wp-block-acf-ktk-news-grid__column\">\n            <div class=\"ktk-card\">\n                <div class=\"ktk-card__img-container\">\n                    <img width=\"540\" height=\"270\" src=\"https:\/\/arriva.it\/app\/uploads\/sites\/8\/2020\/12\/000018_immagine3_popup-540x270.jpg\" class=\"ktk-card__img\" alt=\"\" decoding=\"async\" loading=\"lazy\" srcset=\"https:\/\/arriva.it\/app\/uploads\/sites\/8\/2020\/12\/000018_immagine3_popup-540x270.jpg 540w, https:\/\/arriva.it\/app\/uploads\/sites\/8\/2020\/12\/000018_immagine3_popup-350x175.jpg 350w, https:\/\/arriva.it\/app\/uploads\/sites\/8\/2020\/12\/000018_immagine3_popup-250x125.jpg 250w\" sizes=\"(max-width: 540px) 100vw, 540px\" \/>                <\/div>\n                <div class=\"ktk-card__body\">\n                    <h5 class=\"ktk-card__title\">Viaggia in sicurezza con YOUPOL e SAF<\/h5>\n                                            <p class=\"ktk-card__publication-date\">06.11.2018<\/p>\n                                        <div class=\"ktk-card__text\">\n                        Marted\u00ec 6 novembre 2018 si \u00e8 svolta in piazza Libert\u00e0 la conferenza stampa di presentazione di un\u2019iniziativa congiunta tra SAF e la Questura di Udine per la promozione di una nuova APP \u201cYOUPOL\u201d con la quale \u00e8 possibile segnalare in maniera anche anonima, episodi di bullismo o di spaccio di stupefacenti.                    <\/div>\n                <\/div>\n                <div class=\"ktk-card__footer\">\n                    <a class=\"btn ktk-card__btn\" href=\"https:\/\/www.arrivaudine.it\/en\/news\/viaggia-in-sicurezza-con-youpol-e-saf\/\" >\n                        Read more                    <\/a>\n                <\/div>\n            <\/div>\n        <\/div>\n                    <div class=\"wp-block-acf-ktk-news-grid__column\">\n            <div class=\"ktk-card\">\n                <div class=\"ktk-card__img-container\">\n                    <img width=\"540\" height=\"270\" src=\"https:\/\/arriva.it\/app\/uploads\/sites\/8\/2020\/12\/000018_immagine4_popup-540x270.jpg\" class=\"ktk-card__img\" alt=\"\" decoding=\"async\" loading=\"lazy\" srcset=\"https:\/\/arriva.it\/app\/uploads\/sites\/8\/2020\/12\/000018_immagine4_popup-540x270.jpg 540w, https:\/\/arriva.it\/app\/uploads\/sites\/8\/2020\/12\/000018_immagine4_popup-350x175.jpg 350w, https:\/\/arriva.it\/app\/uploads\/sites\/8\/2020\/12\/000018_immagine4_popup-250x125.jpg 250w\" sizes=\"(max-width: 540px) 100vw, 540px\" \/>                <\/div>\n                <div class=\"ktk-card__body\">\n                    <h5 class=\"ktk-card__title\">SAF sponsor della 19\u00b0 edizione della Maratonina Internazionale Citt\u00e0 di Udine<\/h5>\n                                            <p class=\"ktk-card__publication-date\">01.09.2018<\/p>\n                                        <div class=\"ktk-card__text\">\n                        Udine citt\u00e0 dello sport torna protagonista il 22 e 23 settembre con la Maratonina Udinese                    <\/div>\n                <\/div>\n                <div class=\"ktk-card__footer\">\n                    <a class=\"btn ktk-card__btn\" href=\"https:\/\/www.arrivaudine.it\/en\/news\/saf-sponsor-della-19-edizione-della-maratonina-internazionale-citta-di-udine\/\" >\n                        Read more                    <\/a>\n                <\/div>\n            <\/div>\n        <\/div>\n                    <div class=\"wp-block-acf-ktk-news-grid__column\">\n            <div class=\"ktk-card\">\n                <div class=\"ktk-card__img-container\">\n                    <img width=\"540\" height=\"270\" src=\"https:\/\/arriva.it\/app\/uploads\/sites\/8\/2020\/12\/000018_immagine5_popup-540x270.jpg\" class=\"ktk-card__img\" alt=\"\" decoding=\"async\" loading=\"lazy\" srcset=\"https:\/\/arriva.it\/app\/uploads\/sites\/8\/2020\/12\/000018_immagine5_popup-540x270.jpg 540w, https:\/\/arriva.it\/app\/uploads\/sites\/8\/2020\/12\/000018_immagine5_popup-350x175.jpg 350w, https:\/\/arriva.it\/app\/uploads\/sites\/8\/2020\/12\/000018_immagine5_popup-250x125.jpg 250w\" sizes=\"(max-width: 540px) 100vw, 540px\" \/>                <\/div>\n                <div class=\"ktk-card__body\">\n                    <h5 class=\"ktk-card__title\">Educazione alimentare: Accordo Comune di Udine, SAF e Udine Mercati<\/h5>\n                                            <p class=\"ktk-card__publication-date\">01.11.2018<\/p>\n                                        <div class=\"ktk-card__text\">\n                        Promuovere la corretta alimentazione e la conoscenza dei benefici del consumo alimentare dei prodotti ortofrutticoli, con particolare riferimento alla produzione locale, ma anche garantire ai bambini e a ragazzi delle scuole udinesi una merenda a base di cibi e alimenti sani e\u00a0l&#8217;importanza dell&#8217;uso del trasporto pubblico come contributo alla sostenibilit\u00e0 ambientale.                    <\/div>\n                <\/div>\n                <div class=\"ktk-card__footer\">\n                    <a class=\"btn ktk-card__btn\" href=\"https:\/\/www.arrivaudine.it\/en\/news\/saf-sponsor-della-19-edizione-della-maratonina-internazionale-citta-di-udine-2\/\" >\n                        Read more                    <\/a>\n                <\/div>\n            <\/div>\n        <\/div>\n                    <div class=\"wp-block-acf-ktk-news-grid__column\">\n            <div class=\"ktk-card\">\n                <div class=\"ktk-card__img-container\">\n                    <img width=\"540\" height=\"270\" src=\"https:\/\/arriva.it\/app\/uploads\/sites\/8\/2020\/12\/000018_immagine2_popup-540x270.jpg\" class=\"ktk-card__img\" alt=\"\" decoding=\"async\" loading=\"lazy\" srcset=\"https:\/\/arriva.it\/app\/uploads\/sites\/8\/2020\/12\/000018_immagine2_popup-540x270.jpg 540w, https:\/\/arriva.it\/app\/uploads\/sites\/8\/2020\/12\/000018_immagine2_popup-350x175.jpg 350w, https:\/\/arriva.it\/app\/uploads\/sites\/8\/2020\/12\/000018_immagine2_popup-250x125.jpg 250w\" sizes=\"(max-width: 540px) 100vw, 540px\" \/>                <\/div>\n                <div class=\"ktk-card__body\">\n                    <h5 class=\"ktk-card__title\">ACCORDO SAF-UDINE MERCATI<\/h5>\n                                            <p class=\"ktk-card__publication-date\">21.09.2020<\/p>\n                                        <div class=\"ktk-card__text\">\n                        Migliorare i livelli di benessere e qualit\u00e0 della vita di ogni cittadino, promuovendo l\u2019adozione di uno stile di vita sano e salutare e la salvaguardia dell\u2019ambiente. Con questi presupposti \u00e8 stato rinnovato anche quest\u2019anno l\u2019accordo tra Comune di Udine, Udine Mercati spa e SAF Autoservizi.                    <\/div>\n                <\/div>\n                <div class=\"ktk-card__footer\">\n                    <a class=\"btn ktk-card__btn\" href=\"https:\/\/www.arrivaudine.it\/en\/news\/accordo-saf-udine-mercati\/\" >\n                        Read more                    <\/a>\n                <\/div>\n            <\/div>\n        <\/div>\n                    <div class=\"wp-block-acf-ktk-news-grid__column\">\n            <div class=\"ktk-card\">\n                <div class=\"ktk-card__img-container\">\n                    <img width=\"540\" height=\"270\" src=\"https:\/\/arriva.it\/app\/uploads\/sites\/8\/2020\/12\/000018_immagine6_popup-540x270.jpg\" class=\"ktk-card__img\" alt=\"\" decoding=\"async\" loading=\"lazy\" srcset=\"https:\/\/arriva.it\/app\/uploads\/sites\/8\/2020\/12\/000018_immagine6_popup-540x270.jpg 540w, https:\/\/arriva.it\/app\/uploads\/sites\/8\/2020\/12\/000018_immagine6_popup-350x175.jpg 350w, https:\/\/arriva.it\/app\/uploads\/sites\/8\/2020\/12\/000018_immagine6_popup-250x125.jpg 250w\" sizes=\"(max-width: 540px) 100vw, 540px\" \/>                <\/div>\n                <div class=\"ktk-card__body\">\n                    <h5 class=\"ktk-card__title\">SAF ti porta vicino\/lontano<\/h5>\n                                            <p class=\"ktk-card__publication-date\">01.05.2017<\/p>\n                                        <div class=\"ktk-card__text\">\n                        Il bus urbano con la livrea personalizzata\u00a0vicino\/lontano\u00a0circola in citt\u00e0 per promuovere l\u2019evento in attesa della 13\u00b0 edizione del Premio Terzani in programma dall\u201911 al 14 maggio 2017.\u00a0\n                    <\/div>\n                <\/div>\n                <div class=\"ktk-card__footer\">\n                    <a class=\"btn ktk-card__btn\" href=\"https:\/\/www.arrivaudine.it\/en\/news\/saf-ti-porta-vicino-lontano\/\" >\n                        Read more                    <\/a>\n                <\/div>\n            <\/div>\n        <\/div>\n                    <div class=\"wp-block-acf-ktk-news-grid__column\">\n            <div class=\"ktk-card\">\n                <div class=\"ktk-card__img-container\">\n                    <img width=\"540\" height=\"270\" src=\"https:\/\/arriva.it\/app\/uploads\/sites\/8\/2020\/12\/000018_immagine7_popup-540x270.jpg\" class=\"ktk-card__img\" alt=\"\" decoding=\"async\" loading=\"lazy\" srcset=\"https:\/\/arriva.it\/app\/uploads\/sites\/8\/2020\/12\/000018_immagine7_popup-540x270.jpg 540w, https:\/\/arriva.it\/app\/uploads\/sites\/8\/2020\/12\/000018_immagine7_popup-350x175.jpg 350w, https:\/\/arriva.it\/app\/uploads\/sites\/8\/2020\/12\/000018_immagine7_popup-250x125.jpg 250w\" sizes=\"(max-width: 540px) 100vw, 540px\" \/>                <\/div>\n                <div class=\"ktk-card__body\">\n                    <h5 class=\"ktk-card__title\">Si riapre la stagione Bicibus SAF Udine &#8211; Grado<\/h5>\n                                            <p class=\"ktk-card__publication-date\">02.04.2017<\/p>\n                                        <div class=\"ktk-card__text\">\n                        Dal 17 aprile al 3 settembre il servizio BiciBus Udine &#8211; Palmanova &#8211; Aquileia &#8211; Grado sar\u00e0 attivo con 2 corse giornaliere di andata e ritorno secondo un calendario programmato.\u00a0                    <\/div>\n                <\/div>\n                <div class=\"ktk-card__footer\">\n                    <a class=\"btn ktk-card__btn\" href=\"https:\/\/www.arrivaudine.it\/en\/news\/si-riapre-la-stagione-bicibus-saf-udine-grado\/\" >\n                        Read more                    <\/a>\n                <\/div>\n            <\/div>\n        <\/div>\n                    <div class=\"wp-block-acf-ktk-news-grid__column\">\n            <div class=\"ktk-card\">\n                <div class=\"ktk-card__img-container\">\n                    <img width=\"300\" height=\"225\" src=\"https:\/\/arriva.it\/app\/uploads\/sites\/8\/2020\/12\/000018_immagine8_popup.jpg\" class=\"ktk-card__img\" alt=\"\" decoding=\"async\" loading=\"lazy\" srcset=\"https:\/\/arriva.it\/app\/uploads\/sites\/8\/2020\/12\/000018_immagine8_popup.jpg 300w, https:\/\/arriva.it\/app\/uploads\/sites\/8\/2020\/12\/000018_immagine8_popup-63x47.jpg 63w, https:\/\/arriva.it\/app\/uploads\/sites\/8\/2020\/12\/000018_immagine8_popup-40x30.jpg 40w, https:\/\/arriva.it\/app\/uploads\/sites\/8\/2020\/12\/000018_immagine8_popup-53x40.jpg 53w\" sizes=\"(max-width: 300px) 100vw, 300px\" \/>                <\/div>\n                <div class=\"ktk-card__body\">\n                    <h5 class=\"ktk-card__title\">SAF per la formazione<\/h5>\n                                            <p class=\"ktk-card__publication-date\">01.03.2017<\/p>\n                                        <div class=\"ktk-card__text\">\n                        Nell\u2019ambito del programma di Alternanza Scuola Lavoro \u00e8 stato attivato un piano pluriennale tra SAF Autoservizi e l\u2019Istituto Malignani di Udine.\u00a0\n                    <\/div>\n                <\/div>\n                <div class=\"ktk-card__footer\">\n                    <a class=\"btn ktk-card__btn\" href=\"https:\/\/www.arrivaudine.it\/en\/news\/saf-per-la-formazione\/\" >\n                        Read more                    <\/a>\n                <\/div>\n            <\/div>\n        <\/div>\n                    <div class=\"wp-block-acf-ktk-news-grid__column\">\n            <div class=\"ktk-card\">\n                <div class=\"ktk-card__img-container\">\n                    <img width=\"540\" height=\"270\" src=\"https:\/\/arriva.it\/app\/uploads\/sites\/8\/2020\/12\/000018_immagine9_popup-540x270.jpg\" class=\"ktk-card__img\" alt=\"\" decoding=\"async\" loading=\"lazy\" srcset=\"https:\/\/arriva.it\/app\/uploads\/sites\/8\/2020\/12\/000018_immagine9_popup-540x270.jpg 540w, https:\/\/arriva.it\/app\/uploads\/sites\/8\/2020\/12\/000018_immagine9_popup-350x175.jpg 350w, https:\/\/arriva.it\/app\/uploads\/sites\/8\/2020\/12\/000018_immagine9_popup-250x125.jpg 250w\" sizes=\"(max-width: 540px) 100vw, 540px\" \/>                <\/div>\n                <div class=\"ktk-card__body\">\n                    <h5 class=\"ktk-card__title\">Un defibrillatore per i Vigili del Fuoco Volontari di Rigolato<\/h5>\n                                            <p class=\"ktk-card__publication-date\">01.03.2017<\/p>\n                                        <div class=\"ktk-card__text\">\n                        Un\u00a0defibrillatore\u00a0e un\u00a0kit di imbrago\u00a0sono stati donati da SAF ai Vigili del Fuoco Volontari &#8211; distaccamento di Rigolato, a sostegno delle loro attivit\u00e0 a favore della comunit\u00e0.\n                    <\/div>\n                <\/div>\n                <div class=\"ktk-card__footer\">\n                    <a class=\"btn ktk-card__btn\" href=\"https:\/\/www.arrivaudine.it\/en\/news\/un-defibrillatore-per-i-vigili-del-fuoco-volontari-di-rigolato\/\" >\n                        Read more                    <\/a>\n                <\/div>\n            <\/div>\n        <\/div>\n    <\/div>\n<\/div><\/div>\n","protected":false},"excerpt":{"rendered":"","protected":false},"author":22,"featured_media":0,"parent":0,"menu_order":0,"comment_status":"closed","ping_status":"closed","template":"","meta":[],"yoast_head":"<!-- This site is optimized with the Yoast SEO plugin v20.1 - https:\/\/yoast.com\/wordpress\/plugins\/seo\/ -->\n<title>News - Arriva Italia - Udine<\/title>\n<meta name=\"robots\" content=\"index, follow, max-snippet:-1, max-image-preview:large, max-video-preview:-1\" \/>\n<link rel=\"canonical\" href=\"https:\/\/www.arrivaudine.it\/en\/news-2\/\" \/>\n<meta property=\"og:locale\" content=\"en_US\" \/>\n<meta property=\"og:type\" content=\"article\" \/>\n<meta property=\"og:title\" content=\"News - Arriva Italia - Udine\" \/>\n<meta property=\"og:url\" content=\"https:\/\/www.arrivaudine.it\/en\/news-2\/\" \/>\n<meta property=\"og:site_name\" content=\"Arriva Italia - Udine\" \/>\n<meta property=\"article:modified_time\" content=\"2021-03-17T12:01:42+00:00\" \/>\n<meta name=\"twitter:card\" content=\"summary_large_image\" \/>\n<script type=\"application\/ld+json\" class=\"yoast-schema-graph\">{\"@context\":\"https:\/\/schema.org\",\"@graph\":[{\"@type\":\"WebPage\",\"@id\":\"https:\/\/www.arrivaudine.it\/en\/news-2\/\",\"url\":\"https:\/\/www.arrivaudine.it\/en\/news-2\/\",\"name\":\"News - Arriva Italia - Udine\",\"isPartOf\":{\"@id\":\"https:\/\/www.arrivaudine.it\/#website\"},\"datePublished\":\"2020-12-15T14:06:51+00:00\",\"dateModified\":\"2021-03-17T12:01:42+00:00\",\"breadcrumb\":{\"@id\":\"https:\/\/www.arrivaudine.it\/en\/news-2\/#breadcrumb\"},\"inLanguage\":\"en-US\",\"potentialAction\":[{\"@type\":\"ReadAction\",\"target\":[\"https:\/\/www.arrivaudine.it\/en\/news-2\/\"]}]},{\"@type\":\"BreadcrumbList\",\"@id\":\"https:\/\/www.arrivaudine.it\/en\/news-2\/#breadcrumb\",\"itemListElement\":[{\"@type\":\"ListItem\",\"position\":1,\"name\":\"Home\",\"item\":\"https:\/\/www.arrivaudine.it\/en\/\"},{\"@type\":\"ListItem\",\"position\":2,\"name\":\"News\"}]},{\"@type\":\"WebSite\",\"@id\":\"https:\/\/www.arrivaudine.it\/#website\",\"url\":\"https:\/\/www.arrivaudine.it\/\",\"name\":\"Arriva Italia - Udine\",\"description\":\"\",\"potentialAction\":[{\"@type\":\"SearchAction\",\"target\":{\"@type\":\"EntryPoint\",\"urlTemplate\":\"https:\/\/www.arrivaudine.it\/?s={search_term_string}\"},\"query-input\":\"required name=search_term_string\"}],\"inLanguage\":\"en-US\"}]}<\/script>\n<!-- \/ Yoast SEO plugin. -->","yoast_head_json":{"title":"News - Arriva Italia - Udine","robots":{"index":"index","follow":"follow","max-snippet":"max-snippet:-1","max-image-preview":"max-image-preview:large","max-video-preview":"max-video-preview:-1"},"canonical":"https:\/\/www.arrivaudine.it\/en\/news-2\/","og_locale":"en_US","og_type":"article","og_title":"News - Arriva Italia - Udine","og_url":"https:\/\/www.arrivaudine.it\/en\/news-2\/","og_site_name":"Arriva Italia - Udine","article_modified_time":"2021-03-17T12:01:42+00:00","twitter_card":"summary_large_image","schema":{"@context":"https:\/\/schema.org","@graph":[{"@type":"WebPage","@id":"https:\/\/www.arrivaudine.it\/en\/news-2\/","url":"https:\/\/www.arrivaudine.it\/en\/news-2\/","name":"News - Arriva Italia - Udine","isPartOf":{"@id":"https:\/\/www.arrivaudine.it\/#website"},"datePublished":"2020-12-15T14:06:51+00:00","dateModified":"2021-03-17T12:01:42+00:00","breadcrumb":{"@id":"https:\/\/www.arrivaudine.it\/en\/news-2\/#breadcrumb"},"inLanguage":"en-US","potentialAction":[{"@type":"ReadAction","target":["https:\/\/www.arrivaudine.it\/en\/news-2\/"]}]},{"@type":"BreadcrumbList","@id":"https:\/\/www.arrivaudine.it\/en\/news-2\/#breadcrumb","itemListElement":[{"@type":"ListItem","position":1,"name":"Home","item":"https:\/\/www.arrivaudine.it\/en\/"},{"@type":"ListItem","position":2,"name":"News"}]},{"@type":"WebSite","@id":"https:\/\/www.arrivaudine.it\/#website","url":"https:\/\/www.arrivaudine.it\/","name":"Arriva Italia - Udine","description":"","potentialAction":[{"@type":"SearchAction","target":{"@type":"EntryPoint","urlTemplate":"https:\/\/www.arrivaudine.it\/?s={search_term_string}"},"query-input":"required name=search_term_string"}],"inLanguage":"en-US"}]}},"acf":{"featured_image_mask":"none"},"_links":{"self":[{"href":"https:\/\/www.arrivaudine.it\/en\/wp-json\/wp\/v2\/pages\/813"}],"collection":[{"href":"https:\/\/www.arrivaudine.it\/en\/wp-json\/wp\/v2\/pages"}],"about":[{"href":"https:\/\/www.arrivaudine.it\/en\/wp-json\/wp\/v2\/types\/page"}],"author":[{"embeddable":true,"href":"https:\/\/www.arrivaudine.it\/en\/wp-json\/wp\/v2\/users\/22"}],"replies":[{"embeddable":true,"href":"https:\/\/www.arrivaudine.it\/en\/wp-json\/wp\/v2\/comments?post=813"}],"version-history":[{"count":1,"href":"https:\/\/www.arrivaudine.it\/en\/wp-json\/wp\/v2\/pages\/813\/revisions"}],"predecessor-version":[{"id":2497,"href":"https:\/\/www.arrivaudine.it\/en\/wp-json\/wp\/v2\/pages\/813\/revisions\/2497"}],"wp:attachment":[{"href":"https:\/\/www.arrivaudine.it\/en\/wp-json\/wp\/v2\/media?parent=813"}],"curies":[{"name":"wp","href":"https:\/\/api.w.org\/{rel}","templated":true}]}}