{"id":838,"date":"2020-12-14T14:07:29","date_gmt":"2020-12-14T14:07:29","guid":{"rendered":"http:\/\/udine.arriva.it\/regolamento\/"},"modified":"2021-03-17T12:02:48","modified_gmt":"2021-03-17T12:02:48","slug":"regolamento","status":"publish","type":"page","link":"https:\/\/www.arrivaudine.it\/en\/regolamento\/","title":{"rendered":"Regolamento"},"content":{"rendered":"\n<div class=\"wp-block-ktk-container  ktk-block-container\"><div class=\"ktk-block-container__content ktk-block-container__content--bg-none\">\n<div class=\"wp-block-ktk-card-wrapper  ktk-block-card-wrapper ktk-block-card-wrapper--bg-athens-gray card\">\n<div class=\"wp-block-acf-ktk-card-title\">\n    <div class=\"wp-block-acf-ktk-card-title__title-container\">\n        <h2 class=\"wp-block-acf-ktk-card-title__title\">Regolamento dei servizi<\/h2>\n    <\/div>\n    <\/div>\n\n\n\n<div class=\"wp-block-acf-ktk-card-text-content  is-style-button-bottom\">\n    <div class=\"wp-block-acf-ktk-card-text-content__text-container\">\n                    <h5 class=\"wp-block-acf-ktk-card-text-content__title\">Estratto dal regolamento dei servizi TPL FVG<\/h5>\n                            <div class=\"wp-block-acf-ktk-card-text-content__text\"><p>Il Regolamento dei servizi, predisposto ai sensi dell\u2019articolo 13, lettera b, del Contratto di servizio sottoscritto con la Regione Autonoma Friuli Venezia Giulia, disciplina il rapporto fra TPL FVG scarl e i passeggeri del servizio di trasporto pubblico locale urbano ed extraurbano di competenza della Regione Autonoma Friuli Venezia Giulia. Sono tenuti a conformarsi a questo regolamento tutti i passeggeri che viaggiano a bordo degli autobus di TPLFVG.<\/p>\n<p><a href=\"https:\/\/tplfvg.it\/it\/il-viaggio\/regolamento-di-viaggio\/\"><strong>Scarica il regolamento completo<\/strong><\/a><\/p>\n<p>&nbsp;<\/p>\n<p>Di seguito alcune pillole tratte dal regolamento ufficiale.<br \/>\nQuesto Estratto non solleva il Cliente dall\u2019obbligo di conoscere l\u2019intero regolamento per un corretto utilizzo del servizio.<\/p>\n<\/div>\n            <\/div>\n    <div class=\"wp-block-acf-ktk-card-text-content__btn-container\">\n            <\/div>\n<\/div>\n\n\n\n<div class=\"wp-block-ktk-accordion  ktk-block-accordion\" id=\"accordionIdac1ba87a1f4a4de583c53d2200194727\">\n<div class=\"wp-block-ktk-accordion-item  ktk-block-accordion-item\"><div class=\" ktk-block-accordion-item__header-container collapsed\" id=\"accordionItemIdf3efb8d1770a4833a044a6c7798efcfaheader\" data-toggle=\"collapse\" aria-expanded=\"false\" data-target=\"#accordionItemIdf3efb8d1770a4833a044a6c7798efcfacontent\" aria-controls=\"accordionItemIdf3efb8d1770a4833a044a6c7798efcfacontent\"><div class=\" ktk-block-accordion-item__header\"><h4 class=\"ktk-block-accordion-item__title\">Titoli di viaggio<\/h4><\/div><\/div><div class=\" ktk-block-accordion-item__content collapse\" aria-labelledby=\"accordionItemIdf3efb8d1770a4833a044a6c7798efcfaheader\" data-parent=\"#accordionIdac1ba87a1f4a4de583c53d2200194727\" id=\"accordionItemIdf3efb8d1770a4833a044a6c7798efcfacontent\">\n<div class=\"wp-block-acf-ktk-wysiwyg  \">\n    <p>Puoi salire a bordo solo con un regolare titolo di viaggio.<br \/>\nConvalida il biglietto appena salito in vettura; ricorda che non pu\u00f2 essere ceduto e va conservato per tutta la durata del viaggio per essere esibito su richiesta del personale di controllo.<br \/>\nL\u2019abbonamento deve essere sempre accompagnato dal tesserino di identit\u00e0 rilasciato dall\u2019azienda di trasporto.<\/p>\n<\/div>\n<\/div><\/div>\n\n\n\n<div class=\"wp-block-ktk-accordion-item  ktk-block-accordion-item\"><div class=\" ktk-block-accordion-item__header-container collapsed\" id=\"accordionItemId71d31e9a29964d6798fd2abe30aacd16header\" data-toggle=\"collapse\" aria-expanded=\"false\" data-target=\"#accordionItemId71d31e9a29964d6798fd2abe30aacd16content\" aria-controls=\"accordionItemId71d31e9a29964d6798fd2abe30aacd16content\"><div class=\" ktk-block-accordion-item__header\"><h4 class=\"ktk-block-accordion-item__title\">In fermata<\/h4><\/div><\/div><div class=\" ktk-block-accordion-item__content collapse\" aria-labelledby=\"accordionItemId71d31e9a29964d6798fd2abe30aacd16header\" data-parent=\"#accordionIdac1ba87a1f4a4de583c53d2200194727\" id=\"accordionItemId71d31e9a29964d6798fd2abe30aacd16content\">\n<div class=\"wp-block-acf-ktk-wysiwyg  \">\n    <p>Tutte le fermate sono a richiesta.<br \/>\nSegnala da terra con un cenno la richiesta di salire.<br \/>\nA bordo, suona il campanello per prenotare la discesa alla fermata successiva.<br \/>\nPer salire\/scendere utilizza sempre le porte indicate.<\/p>\n<\/div>\n<\/div><\/div>\n\n\n\n<div class=\"wp-block-ktk-accordion-item  ktk-block-accordion-item\"><div class=\" ktk-block-accordion-item__header-container collapsed\" id=\"accordionItemId6e7ad2919a9c40cfb634e46c2986b3b9header\" data-toggle=\"collapse\" aria-expanded=\"false\" data-target=\"#accordionItemId6e7ad2919a9c40cfb634e46c2986b3b9content\" aria-controls=\"accordionItemId6e7ad2919a9c40cfb634e46c2986b3b9content\"><div class=\" ktk-block-accordion-item__header\"><h4 class=\"ktk-block-accordion-item__title\">Sanzioni<\/h4><\/div><\/div><div class=\" ktk-block-accordion-item__content collapse\" aria-labelledby=\"accordionItemId6e7ad2919a9c40cfb634e46c2986b3b9header\" data-parent=\"#accordionIdac1ba87a1f4a4de583c53d2200194727\" id=\"accordionItemId6e7ad2919a9c40cfb634e46c2986b3b9content\">\n<div class=\"wp-block-acf-ktk-wysiwyg  \">\n    <p>Se non rispetti il regolamento di viaggio sei passibile delle sanzioni amministrative disciplinate dalla legge.<br \/>\nSe viaggi senza titolo di viaggio o non validato, con biglietto o abbonamento scaduto o alterato, o in presenza di altre irregolarit\u00e0 rilevate dal personale di controllo, verranno applicate sanzioni da un minimo di 70\u20ac a un massimo di 210 \u20ac oltre il biglietto di tariffa ordinaria.<\/p>\n<\/div>\n<\/div><\/div>\n\n\n\n<div class=\"wp-block-ktk-accordion-item  ktk-block-accordion-item\"><div class=\" ktk-block-accordion-item__header-container collapsed\" id=\"accordionItemId12960d6d968749b4b133d59aeab7ab59header\" data-toggle=\"collapse\" aria-expanded=\"false\" data-target=\"#accordionItemId12960d6d968749b4b133d59aeab7ab59content\" aria-controls=\"accordionItemId12960d6d968749b4b133d59aeab7ab59content\"><div class=\" ktk-block-accordion-item__header\"><h4 class=\"ktk-block-accordion-item__title\">Bambini<\/h4><\/div><\/div><div class=\" ktk-block-accordion-item__content collapse\" aria-labelledby=\"accordionItemId12960d6d968749b4b133d59aeab7ab59header\" data-parent=\"#accordionIdac1ba87a1f4a4de583c53d2200194727\" id=\"accordionItemId12960d6d968749b4b133d59aeab7ab59content\">\n<div class=\"wp-block-acf-ktk-wysiwyg  \">\n    <p>Viaggiano gratuitamente i bambini di altezza inferiore a 1 metro e quelli di et\u00e0 inferiore a 10 anni se accompagnati da un familiare con regolare titolo di viaggio.<\/p>\n<p>Puoi salire a bordo dei bus urbani con il passeggino aperto se il mezzo \u00e8 attrezzato (identificato con il simbolo della carrozzina) e lo spazio \u00e8 libero. Le persone con disabilit\u00e0 motoria in sedia a rotelle hanno la priorit\u00e0 nell\u2019occupare lo spazio dedicato.<br \/>\nRicordati di frenare il passeggino e di trattenerlo costantemente. In caso di sovraffollamento lo dovrai ripiegare e chiudere.<br \/>\nSui bus extraurbani potrai sistemare il passeggino richiuso nelle bagagliere.<\/p>\n<\/div>\n<\/div><\/div>\n\n\n\n<div class=\"wp-block-ktk-accordion-item  ktk-block-accordion-item\"><div class=\" ktk-block-accordion-item__header-container collapsed\" id=\"accordionItemId3bfeaf4d56f641b49e42653560cfb072header\" data-toggle=\"collapse\" aria-expanded=\"false\" data-target=\"#accordionItemId3bfeaf4d56f641b49e42653560cfb072content\" aria-controls=\"accordionItemId3bfeaf4d56f641b49e42653560cfb072content\"><div class=\" ktk-block-accordion-item__header\"><h4 class=\"ktk-block-accordion-item__title\">Persone con disabilit\u00e0 <\/h4><\/div><\/div><div class=\" ktk-block-accordion-item__content collapse\" aria-labelledby=\"accordionItemId3bfeaf4d56f641b49e42653560cfb072header\" data-parent=\"#accordionIdac1ba87a1f4a4de583c53d2200194727\" id=\"accordionItemId3bfeaf4d56f641b49e42653560cfb072content\">\n<div class=\"wp-block-acf-ktk-wysiwyg  \">\n    <p>Puoi accedere ai bus omologati per il trasporto di persone con disabilit\u00e0 motoria in carrozzina in sicurezza attraverso l\u2019uso della pedana o rampa nelle fermate autorizzate, identificate da apposita segnaletica. A bordo devi occupare lo spazio riservato e allacciare le cinture di sicurezza ove presenti.<br \/>\nSe il posto \u00e8 gi\u00e0 occupato da un\u2019altra sedia a ruote devi attendere la corsa successiva.In caso di disabilit\u00e0 visiva, se riconoscibile dal bastone bianco, puoi salire e scendere dalle vetture anche da porte diverse da quelle prescritte.<\/p>\n<\/div>\n<\/div><\/div>\n\n\n\n<div class=\"wp-block-ktk-accordion-item  ktk-block-accordion-item\"><div class=\" ktk-block-accordion-item__header-container collapsed\" id=\"accordionItemId5b8f39c07eb24816b8a921c96ee1cdcdheader\" data-toggle=\"collapse\" aria-expanded=\"false\" data-target=\"#accordionItemId5b8f39c07eb24816b8a921c96ee1cdcdcontent\" aria-controls=\"accordionItemId5b8f39c07eb24816b8a921c96ee1cdcdcontent\"><div class=\" ktk-block-accordion-item__header\"><h4 class=\"ktk-block-accordion-item__title\">Animali<\/h4><\/div><\/div><div class=\" ktk-block-accordion-item__content collapse\" aria-labelledby=\"accordionItemId5b8f39c07eb24816b8a921c96ee1cdcdheader\" data-parent=\"#accordionIdac1ba87a1f4a4de583c53d2200194727\" id=\"accordionItemId5b8f39c07eb24816b8a921c96ee1cdcdcontent\">\n<div class=\"wp-block-acf-ktk-wysiwyg  \">\n    <p>Puoi trasportare il tuo animale domestico gratuitamente, fino a un massimo di 2 per vettura, munito di guinzaglio e museruola o trasportino, avendo cura che non arrechi disturbo o danni agli altri passeggeri.<br \/>\nL&#8217;animale pu\u00f2 essere allontanato, senza diritto al rimborso del biglietto, a insindacabile giudizio del personale aziendale, in caso di notevole affollamento e qualora arrechi disturbo ai viaggiatori.<\/p>\n<\/div>\n<\/div><\/div>\n\n\n\n<div class=\"wp-block-ktk-accordion-item  ktk-block-accordion-item\"><div class=\" ktk-block-accordion-item__header-container collapsed\" id=\"accordionItemId183d3b75d13c405c98d56dd24042d436header\" data-toggle=\"collapse\" aria-expanded=\"false\" data-target=\"#accordionItemId183d3b75d13c405c98d56dd24042d436content\" aria-controls=\"accordionItemId183d3b75d13c405c98d56dd24042d436content\"><div class=\" ktk-block-accordion-item__header\"><h4 class=\"ktk-block-accordion-item__title\">Bagagli <\/h4><\/div><\/div><div class=\" ktk-block-accordion-item__content collapse\" aria-labelledby=\"accordionItemId183d3b75d13c405c98d56dd24042d436header\" data-parent=\"#accordionIdac1ba87a1f4a4de583c53d2200194727\" id=\"accordionItemId183d3b75d13c405c98d56dd24042d436content\">\n<p>Sui bus urbani puoi trasportare gratuitamente un bagaglio. La dimensione maggiore non deve superare i 70 cm e la somma delle altre 2 dimensioni non deve superare gli 85 cm. In caso di dimensioni superiori \u00e8 necessario acquistare un ulteriore biglietto.<br>Sui bus extraurbani, oltre al bagaglio a mano, compatibilmente con la disponibilit\u00e0 di spazio nel vano portabagagli, puoi trasportare gratuitamente 1 bagaglio<br>con dimensioni non superiori a 120x50x45. Per eventuali bagagli aggiuntivi devi acquistare un ulteriore biglietto.<\/p>\n<\/div><\/div>\n\n\n\n<div class=\"wp-block-ktk-accordion-item  ktk-block-accordion-item\"><div class=\" ktk-block-accordion-item__header-container collapsed\" id=\"accordionItemId2902d93156c6420db1ab023f23e85418header\" data-toggle=\"collapse\" aria-expanded=\"false\" data-target=\"#accordionItemId2902d93156c6420db1ab023f23e85418content\" aria-controls=\"accordionItemId2902d93156c6420db1ab023f23e85418content\"><div class=\" ktk-block-accordion-item__header\"><h4 class=\"ktk-block-accordion-item__title\">Biciclette<\/h4><\/div><\/div><div class=\" ktk-block-accordion-item__content collapse\" aria-labelledby=\"accordionItemId2902d93156c6420db1ab023f23e85418header\" data-parent=\"#accordionIdac1ba87a1f4a4de583c53d2200194727\" id=\"accordionItemId2902d93156c6420db1ab023f23e85418content\">\n<p>Sui mezzi urbani puoi trasportare la tua bici solo se pieghevole e chiusa nell\u2019apposito contenitore.<br>Sui mezzi extraurbani il trasporto \u00e8 ammesso in bagagliera oppure nel carrello portabici solo su prenotazione.<\/p>\n<\/div><\/div>\n\n\n\n<div class=\"wp-block-ktk-accordion-item  ktk-block-accordion-item\"><div class=\" ktk-block-accordion-item__header-container collapsed\" id=\"accordionItemIdc65a3c4c3b3e49f69530de3d69ea9e56header\" data-toggle=\"collapse\" aria-expanded=\"false\" data-target=\"#accordionItemIdc65a3c4c3b3e49f69530de3d69ea9e56content\" aria-controls=\"accordionItemIdc65a3c4c3b3e49f69530de3d69ea9e56content\"><div class=\" ktk-block-accordion-item__header\"><h4 class=\"ktk-block-accordion-item__title\">Norme di comportamento<\/h4><\/div><\/div><div class=\" ktk-block-accordion-item__content collapse\" aria-labelledby=\"accordionItemIdc65a3c4c3b3e49f69530de3d69ea9e56header\" data-parent=\"#accordionIdac1ba87a1f4a4de583c53d2200194727\" id=\"accordionItemIdc65a3c4c3b3e49f69530de3d69ea9e56content\">\n<p>\u2022 Sii civile ed educato, non occupare pi\u00f9 di un posto a sedere. Cedi il posto alle persone con particolari necessit\u00e0: mutilati, invalidi civili, anziani, persone con disabilit\u00e0, donne in stato di gravidanza o con bambini;<br>\u2022 Utilizza le cinture di sicurezza ove presenti;<br>\u2022 Informa il conducente e il personale aziendale di situazioni o eventi che possano compromettere la sicurezza del viaggio o dei passeggeri;<br>\u2022 Renditi riconoscibile e identificabile su richiesta del personale addetto ai controlli e alle verifiche a bordo;<br>\u2022 Limita il volume dei tuoi dispositivi elettronici per non disturbare conducente e passeggeri;<br>\u2022 Non accedere alle cabine di guida;<br>\u2022 Non distrarre, disturbare o ostacolare il conducente;<br>\u2022 Non sporgerti dai finestrini o gettare oggetti dalle vetture;<br>\u2022 Non ingombrare intenzionalmente uscite, ingressi o passaggi all\u2019interno della vettura; Tieni un comportamento che non arrechi disturbo agli altri passeggeri o danni alle vetture, non mangiare o bere a bordo;<br>\u2022 Non deturpare, imbrattare o danneggiare in qualunque modo i veicoli e il materiale di TPL FVG<br>\u2022 Non azionare i comandi per l\u2019apertura di emergenza delle porte o qualunque altro dispositivo di sicurezza se non effettivamente necessario;<br>\u2022 Non esercitare attivit\u00e0 pubblicitarie, commerciali o informative, anche a scopo benefico, se non espressamente autorizzate da TPL FVG;<br>Non salire con armi (fanno eccezione gli appartenenti alle forze di Polizia e alla Polizia locale, i titolari di regolare licenza per porto d\u2019armi chiamati a svolgere attivit\u00e0 inerenti al servizio di TPL e i soggetti autorizzati ai sensi dal Testo unico delle leggi di pubblica sicurezza), strumenti, sostanze, prodotti, materiali pericolosi;<br>\u2022 Non salire in vettura in stato di ebbrezza o in condizioni igieniche o psicofisiche alterate tali da non garantire il corretto uso del servizio oppure da rappresentare un pericolo per l\u2019incolumit\u00e0 propria e degli altri passeggeri;<br>\u2022 Adotta gli opportuni presidi medico-chirurgici necessari a evitare la trasmissibilit\u00e0 per contatto o per via aerea di eventuali malattie;<br>\u2022 Ti ricordiamo che a bordo \u00e8 vietato fumare (incluse le sigarette elettroniche).<\/p>\n<\/div><\/div>\n<\/div>\n\n\n\n<p><\/p>\n<\/div>\n<\/div><\/div>\n","protected":false},"excerpt":{"rendered":"","protected":false},"author":22,"featured_media":0,"parent":0,"menu_order":0,"comment_status":"closed","ping_status":"closed","template":"","meta":[],"yoast_head":"<!-- This site is optimized with the Yoast SEO plugin v20.1 - https:\/\/yoast.com\/wordpress\/plugins\/seo\/ -->\n<title>Regolamento - Arriva Italia - Udine<\/title>\n<meta name=\"robots\" content=\"index, follow, max-snippet:-1, max-image-preview:large, max-video-preview:-1\" \/>\n<link rel=\"canonical\" href=\"https:\/\/www.arrivaudine.it\/en\/regolamento\/\" \/>\n<meta property=\"og:locale\" content=\"en_US\" \/>\n<meta property=\"og:type\" content=\"article\" \/>\n<meta property=\"og:title\" content=\"Regolamento - Arriva Italia - Udine\" \/>\n<meta property=\"og:url\" content=\"https:\/\/www.arrivaudine.it\/en\/regolamento\/\" \/>\n<meta property=\"og:site_name\" content=\"Arriva Italia - Udine\" \/>\n<meta property=\"article:modified_time\" content=\"2021-03-17T12:02:48+00:00\" \/>\n<meta name=\"twitter:card\" content=\"summary_large_image\" \/>\n<meta name=\"twitter:label1\" content=\"Est. reading time\" \/>\n\t<meta name=\"twitter:data1\" content=\"2 minutes\" \/>\n<script type=\"application\/ld+json\" class=\"yoast-schema-graph\">{\"@context\":\"https:\/\/schema.org\",\"@graph\":[{\"@type\":\"WebPage\",\"@id\":\"https:\/\/www.arrivaudine.it\/en\/regolamento\/\",\"url\":\"https:\/\/www.arrivaudine.it\/en\/regolamento\/\",\"name\":\"Regolamento - Arriva Italia - Udine\",\"isPartOf\":{\"@id\":\"https:\/\/www.arrivaudine.it\/#website\"},\"datePublished\":\"2020-12-14T14:07:29+00:00\",\"dateModified\":\"2021-03-17T12:02:48+00:00\",\"breadcrumb\":{\"@id\":\"https:\/\/www.arrivaudine.it\/en\/regolamento\/#breadcrumb\"},\"inLanguage\":\"en-US\",\"potentialAction\":[{\"@type\":\"ReadAction\",\"target\":[\"https:\/\/www.arrivaudine.it\/en\/regolamento\/\"]}]},{\"@type\":\"BreadcrumbList\",\"@id\":\"https:\/\/www.arrivaudine.it\/en\/regolamento\/#breadcrumb\",\"itemListElement\":[{\"@type\":\"ListItem\",\"position\":1,\"name\":\"Home\",\"item\":\"https:\/\/www.arrivaudine.it\/en\/\"},{\"@type\":\"ListItem\",\"position\":2,\"name\":\"Regolamento\"}]},{\"@type\":\"WebSite\",\"@id\":\"https:\/\/www.arrivaudine.it\/#website\",\"url\":\"https:\/\/www.arrivaudine.it\/\",\"name\":\"Arriva Italia - Udine\",\"description\":\"\",\"potentialAction\":[{\"@type\":\"SearchAction\",\"target\":{\"@type\":\"EntryPoint\",\"urlTemplate\":\"https:\/\/www.arrivaudine.it\/?s={search_term_string}\"},\"query-input\":\"required name=search_term_string\"}],\"inLanguage\":\"en-US\"}]}<\/script>\n<!-- \/ Yoast SEO plugin. -->","yoast_head_json":{"title":"Regolamento - Arriva Italia - Udine","robots":{"index":"index","follow":"follow","max-snippet":"max-snippet:-1","max-image-preview":"max-image-preview:large","max-video-preview":"max-video-preview:-1"},"canonical":"https:\/\/www.arrivaudine.it\/en\/regolamento\/","og_locale":"en_US","og_type":"article","og_title":"Regolamento - Arriva Italia - Udine","og_url":"https:\/\/www.arrivaudine.it\/en\/regolamento\/","og_site_name":"Arriva Italia - Udine","article_modified_time":"2021-03-17T12:02:48+00:00","twitter_card":"summary_large_image","twitter_misc":{"Est. reading time":"2 minutes"},"schema":{"@context":"https:\/\/schema.org","@graph":[{"@type":"WebPage","@id":"https:\/\/www.arrivaudine.it\/en\/regolamento\/","url":"https:\/\/www.arrivaudine.it\/en\/regolamento\/","name":"Regolamento - Arriva Italia - Udine","isPartOf":{"@id":"https:\/\/www.arrivaudine.it\/#website"},"datePublished":"2020-12-14T14:07:29+00:00","dateModified":"2021-03-17T12:02:48+00:00","breadcrumb":{"@id":"https:\/\/www.arrivaudine.it\/en\/regolamento\/#breadcrumb"},"inLanguage":"en-US","potentialAction":[{"@type":"ReadAction","target":["https:\/\/www.arrivaudine.it\/en\/regolamento\/"]}]},{"@type":"BreadcrumbList","@id":"https:\/\/www.arrivaudine.it\/en\/regolamento\/#breadcrumb","itemListElement":[{"@type":"ListItem","position":1,"name":"Home","item":"https:\/\/www.arrivaudine.it\/en\/"},{"@type":"ListItem","position":2,"name":"Regolamento"}]},{"@type":"WebSite","@id":"https:\/\/www.arrivaudine.it\/#website","url":"https:\/\/www.arrivaudine.it\/","name":"Arriva Italia - Udine","description":"","potentialAction":[{"@type":"SearchAction","target":{"@type":"EntryPoint","urlTemplate":"https:\/\/www.arrivaudine.it\/?s={search_term_string}"},"query-input":"required name=search_term_string"}],"inLanguage":"en-US"}]}},"acf":{"featured_image_mask":"none"},"_links":{"self":[{"href":"https:\/\/www.arrivaudine.it\/en\/wp-json\/wp\/v2\/pages\/838"}],"collection":[{"href":"https:\/\/www.arrivaudine.it\/en\/wp-json\/wp\/v2\/pages"}],"about":[{"href":"https:\/\/www.arrivaudine.it\/en\/wp-json\/wp\/v2\/types\/page"}],"author":[{"embeddable":true,"href":"https:\/\/www.arrivaudine.it\/en\/wp-json\/wp\/v2\/users\/22"}],"replies":[{"embeddable":true,"href":"https:\/\/www.arrivaudine.it\/en\/wp-json\/wp\/v2\/comments?post=838"}],"version-history":[{"count":2,"href":"https:\/\/www.arrivaudine.it\/en\/wp-json\/wp\/v2\/pages\/838\/revisions"}],"predecessor-version":[{"id":2502,"href":"https:\/\/www.arrivaudine.it\/en\/wp-json\/wp\/v2\/pages\/838\/revisions\/2502"}],"wp:attachment":[{"href":"https:\/\/www.arrivaudine.it\/en\/wp-json\/wp\/v2\/media?parent=838"}],"curies":[{"name":"wp","href":"https:\/\/api.w.org\/{rel}","templated":true}]}}