{"id":850,"date":"2020-12-11T08:27:25","date_gmt":"2020-12-11T08:27:25","guid":{"rendered":"http:\/\/udine.arriva.it\/marittimi\/"},"modified":"2021-03-17T12:03:07","modified_gmt":"2021-03-17T12:03:07","slug":"marittimi","status":"publish","type":"page","link":"https:\/\/www.arrivaudine.it\/en\/marittimi\/","title":{"rendered":"Marittimi"},"content":{"rendered":"\n<div class=\"wp-block-ktk-container  ktk-block-container\"><div class=\"ktk-block-container__content ktk-block-container__content--bg-none\">\n<div class=\"wp-block-ktk-card-wrapper  ktk-block-card-wrapper ktk-block-card-wrapper--bg-athens-gray card\">\n<div class=\"wp-block-ktk-fixed-layout  ktk-block-fixed-layout ktk-block-fixed-layout--first-column-width6\">\n<div class=\"wp-block-ktk-fixed-layout-column  ktk-block-fixed-layout__column ktk-block-fixed-layout__column--left\">\n<div class=\"wp-block-acf-ktk-card-title\">\n    <div class=\"wp-block-acf-ktk-card-title__title-container\">\n        <h2 class=\"wp-block-acf-ktk-card-title__title\">SERVIZI MARITTIMI<\/h2>\n    <\/div>\n    <\/div>\n\n\n\n<div class=\"wp-block-ktk-accordion  ktk-block-accordion\" id=\"accordionIdaf678b6eb4a64f79932e66df43d5ea10\">\n<div class=\"wp-block-ktk-accordion-item  ktk-block-accordion-item\"><div class=\" ktk-block-accordion-item__header-container collapsed\" id=\"accordionItemId33f3d059842746fc87efbdefe91ec4e2header\" data-toggle=\"collapse\" aria-expanded=\"false\" data-target=\"#accordionItemId33f3d059842746fc87efbdefe91ec4e2content\" aria-controls=\"accordionItemId33f3d059842746fc87efbdefe91ec4e2content\"><div class=\" ktk-block-accordion-item__header\"><h4 class=\"ktk-block-accordion-item__title\">MARANO &#8211; LIGNANO<\/h4><\/div><\/div><div class=\" ktk-block-accordion-item__content collapse\" aria-labelledby=\"accordionItemId33f3d059842746fc87efbdefe91ec4e2header\" data-parent=\"#accordionIdaf678b6eb4a64f79932e66df43d5ea10\" id=\"accordionItemId33f3d059842746fc87efbdefe91ec4e2content\">\n<div class=\"wp-block-acf-ktk-wysiwyg  \">\n    <p><span style=\"font-weight: 400;\">Il servizio motonave collega Marano Lagunare a Lignano Sabbiadoro nel periodo estivo da giugno a settembre ed \u00e8 integrato con il servizio extraurbano Udine-Latisana-Lignano e con quello urbano di Lignano. Il viaggio dura circa 40 minuti.<\/span><\/p>\n<p><span style=\"font-weight: 400;\">Approdi per imbarco\/sbarco:<\/span><\/p>\n<p><span style=\"font-weight: 400;\">Marano &#8211; Porto (Vecchia pescheria)<\/span><\/p>\n<p><span style=\"font-weight: 400;\">Lignano &#8211; Sbarco dei Pirati<\/span><\/p>\n<p><a href=\"https:\/\/tplfvg.it\/it\/il-viaggio\/servizi-marittimi\/\"><b>Tutte le info e orari<\/b><\/a><\/p>\n<p><span style=\"font-weight: 400;\">Puoi acquistare i biglietti a bordo della motonave, in tutte le biglietterie Core e Active TPL FVG, oppure nelle seguenti rivendite:<\/span><\/p>\n<p><b>Marano Lagunare<\/b><\/p>\n<p><span style=\"font-weight: 400;\">Edicola Magic, via Udine 2<\/span><\/p>\n<p><span style=\"font-weight: 400;\">Bar Sport, via Porto del Friuli 1<\/span><\/p>\n<p><span style=\"font-weight: 400;\">Bar Al Molo, riva 24 Maggio 1<\/span><\/p>\n<p><b>Carlino<\/b><\/p>\n<p><span style=\"font-weight: 400;\">Pizzeria On the Road, via San Giorgio di Nogaro 33<\/span><\/p>\n<p><b>San Giorgio di Nogaro<\/b><\/p>\n<p><span style=\"font-weight: 400;\">Bar al Marinaio, via Europa Unita 7<\/span><\/p>\n<p><span style=\"font-weight: 400;\">Bar alla Posta, Via Roma 30<\/span><\/p>\n<p><b>Lignano Sabbiadoro<\/b><\/p>\n<p><span style=\"font-weight: 400;\">Biglietteria Autostazione, via Amaranto<\/span><\/p>\n<p><span style=\"font-weight: 400;\">Rivendita Tabacchi n. 36, viale Italia 22<\/span><\/p>\n<p><span style=\"font-weight: 400;\">Infopoint Promoturismo FVG, via Latisana 42<\/span><\/p>\n<p><b>Udine<\/b><\/p>\n<p><span style=\"font-weight: 400;\">Biglietteria Autostazione, viale Europa Unita <\/span><span style=\"font-weight: 400;\">95 (fronte stazione FS) <\/span><span style=\"font-weight: 400;\"><br \/>\n<\/span><span style=\"font-weight: 400;\">0432\/608861-62<\/span><\/p>\n<\/div>\n<\/div><\/div>\n<\/div>\n\n\n\n<div class=\"wp-block-ktk-accordion  ktk-block-accordion\" id=\"accordionId52b485f1d9c944c3814eded0137dcb77\">\n<div class=\"wp-block-ktk-accordion-item  ktk-block-accordion-item\"><div class=\" ktk-block-accordion-item__header-container collapsed\" id=\"accordionItemIdec2219d608f7449b820cc2333f6c893fheader\" data-toggle=\"collapse\" aria-expanded=\"false\" data-target=\"#accordionItemIdec2219d608f7449b820cc2333f6c893fcontent\" aria-controls=\"accordionItemIdec2219d608f7449b820cc2333f6c893fcontent\"><div class=\" ktk-block-accordion-item__header\"><h4 class=\"ktk-block-accordion-item__title\">PASSO BARCA LIGNANO-BIBIONE<\/h4><\/div><\/div><div class=\" ktk-block-accordion-item__content collapse\" aria-labelledby=\"accordionItemIdec2219d608f7449b820cc2333f6c893fheader\" data-parent=\"#accordionId52b485f1d9c944c3814eded0137dcb77\" id=\"accordionItemIdec2219d608f7449b820cc2333f6c893fcontent\">\n<div class=\"wp-block-acf-ktk-wysiwyg  \">\n    <p><span style=\"font-weight: 400;\">&#8220;X River &#8211; Across the river Tagliamento\u201d \u00e8 il passaggio barca che collega le localit\u00e0 di Lignano Sabbiadoro e Bibione attraversando il fiume Tagliamento. La durata della traversata \u00e8 5 minuti<\/span><\/p>\n<p><span style=\"font-weight: 400;\">A Lignano l&#8217;imbarco si trova nel porto turistico di Marina Uno sulla foce del fiume; sulla sponda opposta si approda sulla ciclabile che porta in pochi minuti al Faro di Bibione.<\/span><\/p>\n<p><span style=\"font-weight: 400;\">Il traghetto pu\u00f2 trasportare fino a 25 persone con bici al seguito.<\/span><\/p>\n<p><a href=\"https:\/\/tplfvg.it\/it\/il-viaggio\/servizi-marittimi\/\"><b>Tutte le info e gli orari aggiornati<\/b><span style=\"font-weight: 400;\">\u00a0<\/span><\/a><\/p>\n<p><span style=\"font-weight: 400;\">Costo del viaggio: \u20ac 1,00 a persona (bici compresa):<\/span><span style=\"font-weight: 400;\"><br \/>\n<\/span><span style=\"font-weight: 400;\">I bambini fino a 10 anni non compiuti viaggiano gratis, se accompagnati da un adulto in possesso di regolare titolo di viaggio.<\/span><\/p>\n<p><span style=\"font-weight: 400;\">Puoi acquistare i biglietti a bordo, oppure in queste rivendite:<\/span><\/p>\n<p><strong>Lignano<br \/>\n<\/strong><span style=\"font-weight: 400;\">Autostazione, via Amaranto<\/span><span style=\"font-weight: 400;\"><br \/>\n<\/span><span style=\"font-weight: 400;\">Casa del ciclo, via Punta Tagliamento<\/span><span style=\"font-weight: 400;\"><br \/>\n<\/span><span style=\"font-weight: 400;\">Agenzia Turismo FVG, via Latisana 42<\/span><span style=\"font-weight: 400;\"><br \/>\n<\/span><span style=\"font-weight: 400;\">Caf\u00e8 e delizie, via Adriatico 13<\/span><\/p>\n<p><strong>Bibione<br \/>\n<\/strong><span style=\"font-weight: 400;\">Faro di Bibione<\/span><span style=\"font-weight: 400;\"><br \/>\n<\/span><span style=\"font-weight: 400;\">Armonia Viaggi, corso del Sole 208<\/span><span style=\"font-weight: 400;\"><br \/>\n<\/span><span style=\"font-weight: 400;\">Tabacchi Gnan Solidea, corso del Sole 148<\/span><span style=\"font-weight: 400;\"><br \/>\n<\/span><span style=\"font-weight: 400;\">Eurobike, piazza Keplero 3<\/span><span style=\"font-weight: 400;\"><br \/>\n<\/span><span style=\"font-weight: 400;\">Summer Bike, via Atlante 31<\/span><span style=\"font-weight: 400;\"><br \/>\n<\/span><span style=\"font-weight: 400;\">Tabaccheria Andrea, via Maja 64<\/span><\/p>\n<p>&nbsp;<\/p>\n<\/div>\n<\/div><\/div>\n<\/div>\n<\/div>\n\n\n\n<div class=\"wp-block-ktk-fixed-layout-column  ktk-block-fixed-layout__column ktk-block-fixed-layout__column--right\"><div class=\"single-image-block \">\n            <img width=\"540\" height=\"304\" src=\"https:\/\/arriva.it\/app\/uploads\/sites\/8\/2021\/02\/motonave-due-540x304.jpg\" class=\"single-image-block__image\" alt=\"\" decoding=\"async\" loading=\"lazy\" srcset=\"https:\/\/arriva.it\/app\/uploads\/sites\/8\/2021\/02\/motonave-due-540x304.jpg 540w, https:\/\/arriva.it\/app\/uploads\/sites\/8\/2021\/02\/motonave-due-300x169.jpg 300w, https:\/\/arriva.it\/app\/uploads\/sites\/8\/2021\/02\/motonave-due-768x432.jpg 768w, https:\/\/arriva.it\/app\/uploads\/sites\/8\/2021\/02\/motonave-due-84x47.jpg 84w, https:\/\/arriva.it\/app\/uploads\/sites\/8\/2021\/02\/motonave-due-53x30.jpg 53w, https:\/\/arriva.it\/app\/uploads\/sites\/8\/2021\/02\/motonave-due-71x40.jpg 71w, https:\/\/arriva.it\/app\/uploads\/sites\/8\/2021\/02\/motonave-due.jpg 1024w\" sizes=\"(max-width: 540px) 100vw, 540px\" \/>    <\/div>\n\n<\/div>\n<\/div>\n<\/div>\n<\/div><\/div>\n\n\n\n<div class=\"wp-block-ktk-container  ktk-block-container\"><div class=\"ktk-block-container__content ktk-block-container__content--bg-none\">\n<div class=\"wp-block-ktk-card-wrapper  ktk-block-card-wrapper ktk-block-card-wrapper--bg-robins-egg-blue card\">\n<div class=\"wp-block-acf-ktk-card-text-content  \">\n    <div class=\"wp-block-acf-ktk-card-text-content__text-container\">\n                    <h5 class=\"wp-block-acf-ktk-card-text-content__title\">A bordo con i bambini<\/h5>\n                            <div class=\"wp-block-acf-ktk-card-text-content__text\"><p><span style=\"font-weight: 400;\">I bambini e i ragazzi di et\u00e0 inferiore ai 12 anni devono essere accompagnati da un adulto.<\/span><\/p>\n<p><span style=\"font-weight: 400;\">I bambini in et\u00e0 prescolare devono essere tenuti in braccio e sorvegliati per l\u2019intera durata del viaggio. Carrozzine e passeggini per bambini viaggiano gratuitamente: quando ammessi a bordo, devono viaggiare chiusi e devono essere riposti, su indicazione del comandante, dove non impediscano la circolazione delle persone e non compromettano la sicurezza dei passeggeri e della navigazione.<\/span><\/p>\n<\/div>\n            <\/div>\n    <div class=\"wp-block-acf-ktk-card-text-content__btn-container\">\n            <\/div>\n<\/div>\n<\/div>\n\n\n\n<div class=\"wp-block-ktk-card-wrapper  ktk-block-card-wrapper ktk-block-card-wrapper--bg-lima card\">\n<div class=\"wp-block-acf-ktk-card-text-content  \">\n    <div class=\"wp-block-acf-ktk-card-text-content__text-container\">\n                    <h5 class=\"wp-block-acf-ktk-card-text-content__title\">Persone con disabilit\u00e0 o mobilit\u00e0 ridotta<\/h5>\n                            <div class=\"wp-block-acf-ktk-card-text-content__text\"><p><span style=\"font-weight: 400;\">Il trasporto di persone con disabilit\u00e0 o mobilit\u00e0 ridotta \u00e8 ammesso solo previa autorizzazione del comandante che si esprime dopo aver valutato le condizioni generali del viaggio.<\/span><\/p>\n<p><span style=\"font-weight: 400;\">Sedie su ruote per persone con disabilit\u00e0 e ausili ortopedici viaggiano gratis<\/span><\/p>\n<p><span style=\"font-weight: 400;\">Sedie su ruote e ausili ortopedici devono essere posizionati in base alle indicazioni del comandante e non devono mai impedire la circolazione delle persone o compromettere la sicurezza dei passeggeri e della navigazione.<\/span><\/p>\n<\/div>\n            <\/div>\n    <div class=\"wp-block-acf-ktk-card-text-content__btn-container\">\n            <\/div>\n<\/div>\n<\/div>\n\n\n\n<div class=\"wp-block-ktk-card-wrapper  ktk-block-card-wrapper ktk-block-card-wrapper--bg-violet-eggplant card\">\n<div class=\"wp-block-acf-ktk-card-text-content  \">\n    <div class=\"wp-block-acf-ktk-card-text-content__text-container\">\n                    <h5 class=\"wp-block-acf-ktk-card-text-content__title\">Trasporto Bagagli<\/h5>\n                            <div class=\"wp-block-acf-ktk-card-text-content__text\"><p>Puoi trasportare gratuitamente un bagaglio la cui dimensione maggiore non sia superiore ai 70 cm e la cui somma delle due dimensioni minori non superi i 85 cm. Per i bagagli di dimensioni superiori \u00e8 dovuto un biglietto di importo corrispondente a quello per le biciclette.<\/p>\n<\/div>\n            <\/div>\n    <div class=\"wp-block-acf-ktk-card-text-content__btn-container\">\n            <\/div>\n<\/div>\n<\/div>\n<\/div><\/div>\n","protected":false},"excerpt":{"rendered":"","protected":false},"author":22,"featured_media":0,"parent":0,"menu_order":0,"comment_status":"closed","ping_status":"closed","template":"","meta":[],"yoast_head":"<!-- This site is optimized with the Yoast SEO plugin v20.1 - https:\/\/yoast.com\/wordpress\/plugins\/seo\/ -->\n<title>Marittimi - Arriva Italia - Udine<\/title>\n<meta name=\"robots\" content=\"index, follow, max-snippet:-1, max-image-preview:large, max-video-preview:-1\" \/>\n<link rel=\"canonical\" href=\"https:\/\/www.arrivaudine.it\/en\/marittimi\/\" \/>\n<meta property=\"og:locale\" content=\"en_US\" \/>\n<meta property=\"og:type\" content=\"article\" \/>\n<meta property=\"og:title\" content=\"Marittimi - Arriva Italia - Udine\" \/>\n<meta property=\"og:url\" content=\"https:\/\/www.arrivaudine.it\/en\/marittimi\/\" \/>\n<meta property=\"og:site_name\" content=\"Arriva Italia - Udine\" \/>\n<meta property=\"article:modified_time\" content=\"2021-03-17T12:03:07+00:00\" \/>\n<meta name=\"twitter:card\" content=\"summary_large_image\" \/>\n<script type=\"application\/ld+json\" class=\"yoast-schema-graph\">{\"@context\":\"https:\/\/schema.org\",\"@graph\":[{\"@type\":\"WebPage\",\"@id\":\"https:\/\/www.arrivaudine.it\/en\/marittimi\/\",\"url\":\"https:\/\/www.arrivaudine.it\/en\/marittimi\/\",\"name\":\"Marittimi - Arriva Italia - Udine\",\"isPartOf\":{\"@id\":\"https:\/\/www.arrivaudine.it\/#website\"},\"datePublished\":\"2020-12-11T08:27:25+00:00\",\"dateModified\":\"2021-03-17T12:03:07+00:00\",\"breadcrumb\":{\"@id\":\"https:\/\/www.arrivaudine.it\/en\/marittimi\/#breadcrumb\"},\"inLanguage\":\"en-US\",\"potentialAction\":[{\"@type\":\"ReadAction\",\"target\":[\"https:\/\/www.arrivaudine.it\/en\/marittimi\/\"]}]},{\"@type\":\"BreadcrumbList\",\"@id\":\"https:\/\/www.arrivaudine.it\/en\/marittimi\/#breadcrumb\",\"itemListElement\":[{\"@type\":\"ListItem\",\"position\":1,\"name\":\"Home\",\"item\":\"https:\/\/www.arrivaudine.it\/en\/\"},{\"@type\":\"ListItem\",\"position\":2,\"name\":\"Marittimi\"}]},{\"@type\":\"WebSite\",\"@id\":\"https:\/\/www.arrivaudine.it\/#website\",\"url\":\"https:\/\/www.arrivaudine.it\/\",\"name\":\"Arriva Italia - Udine\",\"description\":\"\",\"potentialAction\":[{\"@type\":\"SearchAction\",\"target\":{\"@type\":\"EntryPoint\",\"urlTemplate\":\"https:\/\/www.arrivaudine.it\/?s={search_term_string}\"},\"query-input\":\"required name=search_term_string\"}],\"inLanguage\":\"en-US\"}]}<\/script>\n<!-- \/ Yoast SEO plugin. -->","yoast_head_json":{"title":"Marittimi - Arriva Italia - Udine","robots":{"index":"index","follow":"follow","max-snippet":"max-snippet:-1","max-image-preview":"max-image-preview:large","max-video-preview":"max-video-preview:-1"},"canonical":"https:\/\/www.arrivaudine.it\/en\/marittimi\/","og_locale":"en_US","og_type":"article","og_title":"Marittimi - Arriva Italia - Udine","og_url":"https:\/\/www.arrivaudine.it\/en\/marittimi\/","og_site_name":"Arriva Italia - Udine","article_modified_time":"2021-03-17T12:03:07+00:00","twitter_card":"summary_large_image","schema":{"@context":"https:\/\/schema.org","@graph":[{"@type":"WebPage","@id":"https:\/\/www.arrivaudine.it\/en\/marittimi\/","url":"https:\/\/www.arrivaudine.it\/en\/marittimi\/","name":"Marittimi - Arriva Italia - Udine","isPartOf":{"@id":"https:\/\/www.arrivaudine.it\/#website"},"datePublished":"2020-12-11T08:27:25+00:00","dateModified":"2021-03-17T12:03:07+00:00","breadcrumb":{"@id":"https:\/\/www.arrivaudine.it\/en\/marittimi\/#breadcrumb"},"inLanguage":"en-US","potentialAction":[{"@type":"ReadAction","target":["https:\/\/www.arrivaudine.it\/en\/marittimi\/"]}]},{"@type":"BreadcrumbList","@id":"https:\/\/www.arrivaudine.it\/en\/marittimi\/#breadcrumb","itemListElement":[{"@type":"ListItem","position":1,"name":"Home","item":"https:\/\/www.arrivaudine.it\/en\/"},{"@type":"ListItem","position":2,"name":"Marittimi"}]},{"@type":"WebSite","@id":"https:\/\/www.arrivaudine.it\/#website","url":"https:\/\/www.arrivaudine.it\/","name":"Arriva Italia - Udine","description":"","potentialAction":[{"@type":"SearchAction","target":{"@type":"EntryPoint","urlTemplate":"https:\/\/www.arrivaudine.it\/?s={search_term_string}"},"query-input":"required name=search_term_string"}],"inLanguage":"en-US"}]}},"acf":{"featured_image_mask":"none"},"_links":{"self":[{"href":"https:\/\/www.arrivaudine.it\/en\/wp-json\/wp\/v2\/pages\/850"}],"collection":[{"href":"https:\/\/www.arrivaudine.it\/en\/wp-json\/wp\/v2\/pages"}],"about":[{"href":"https:\/\/www.arrivaudine.it\/en\/wp-json\/wp\/v2\/types\/page"}],"author":[{"embeddable":true,"href":"https:\/\/www.arrivaudine.it\/en\/wp-json\/wp\/v2\/users\/22"}],"replies":[{"embeddable":true,"href":"https:\/\/www.arrivaudine.it\/en\/wp-json\/wp\/v2\/comments?post=850"}],"version-history":[{"count":3,"href":"https:\/\/www.arrivaudine.it\/en\/wp-json\/wp\/v2\/pages\/850\/revisions"}],"predecessor-version":[{"id":2506,"href":"https:\/\/www.arrivaudine.it\/en\/wp-json\/wp\/v2\/pages\/850\/revisions\/2506"}],"wp:attachment":[{"href":"https:\/\/www.arrivaudine.it\/en\/wp-json\/wp\/v2\/media?parent=850"}],"curies":[{"name":"wp","href":"https:\/\/api.w.org\/{rel}","templated":true}]}}