{"id":877,"date":"2020-12-04T16:32:57","date_gmt":"2020-12-04T16:32:57","guid":{"rendered":"http:\/\/udine.arriva.it\/societa-trasparente\/"},"modified":"2021-03-17T12:06:20","modified_gmt":"2021-03-17T12:06:20","slug":"societa-trasparente","status":"publish","type":"page","link":"https:\/\/www.arrivaudine.it\/en\/societa-trasparente\/","title":{"rendered":"Societ\u00e0 trasparente"},"content":{"rendered":"\n<div class=\"wp-block-ktk-container  ktk-block-container\"><div class=\"ktk-block-container__content ktk-block-container__content--bg-none\">\n<div class=\"wp-block-ktk-fixed-layout  ktk-block-fixed-layout ktk-block-fixed-layout--first-column-width6\">\n<div class=\"wp-block-ktk-fixed-layout-column  ktk-block-fixed-layout__column ktk-block-fixed-layout__column--left\"><div class=\"single-image-block is-style-no-mask\">\n            <img width=\"540\" height=\"361\" src=\"https:\/\/arriva.it\/app\/uploads\/sites\/8\/2021\/02\/IMG_9246-540x361.jpg\" class=\"single-image-block__image\" alt=\"\" decoding=\"async\" loading=\"lazy\" srcset=\"https:\/\/arriva.it\/app\/uploads\/sites\/8\/2021\/02\/IMG_9246-540x361.jpg 540w, https:\/\/arriva.it\/app\/uploads\/sites\/8\/2021\/02\/IMG_9246-300x200.jpg 300w, https:\/\/arriva.it\/app\/uploads\/sites\/8\/2021\/02\/IMG_9246-768x513.jpg 768w, https:\/\/arriva.it\/app\/uploads\/sites\/8\/2021\/02\/IMG_9246-70x47.jpg 70w, https:\/\/arriva.it\/app\/uploads\/sites\/8\/2021\/02\/IMG_9246-45x30.jpg 45w, https:\/\/arriva.it\/app\/uploads\/sites\/8\/2021\/02\/IMG_9246-60x40.jpg 60w, https:\/\/arriva.it\/app\/uploads\/sites\/8\/2021\/02\/IMG_9246.jpg 1024w\" sizes=\"(max-width: 540px) 100vw, 540px\" \/>    <\/div>\n\n<\/div>\n\n\n\n<div class=\"wp-block-ktk-fixed-layout-column  ktk-block-fixed-layout__column ktk-block-fixed-layout__column--right\">\n<div class=\"wp-block-acf-ktk-simple-text simple-text-block\">\n            <p class= \"simple-text-block__title-h1\">Arriva Udine<\/p>\n                    <div class=\"simple-text-block__text\">\n        <p>Arriva Udine S.p.A. \u00e8 una societ\u00e0 per azioni a capitale prevalentemente privato, con partecipazioni pubbliche minoritarie e non di controllo, ed \u00e8 soggetta all&#8217;attivit\u00e0 di direzione e coordinamento di Arriva Italia S.r.l.<\/p>\n<p>Le informazioni della presente sezione, sono state pertanto pubblicate sulla scorta delle linee guida contenute nella Determinazione ANAC n. 1134 del 8\/11\/2017 \u201c<em>Nuove linee guida per l\u2019attuazione della normativa in materia di prevenzione della corruzione e trasparenza da parte della societ\u00e0 e degli enti di diritto privato controllati e partecipati dalle pubbliche amministrazioni e dagli enti pubblici economici\u201d, <\/em>con riferimento ai circoscritti obblighi di pubblicazione previsti per le Societ\u00e0 partecipate di cui all&#8217;art. 2-<em>bis<\/em>, comma 3, D.Lgs. n. 33\/2013, e limitatamente all&#8217;attivit\u00e0 di pubblico interesse.<\/p>\n    <\/div>\n                <a class=\"btn simple-text-block__btn \" href=\"\/profilo-sociale\/\"  target=\"_blank\">\n            vai alla sezione Profilo sociale        <\/a>\n    <\/div>\n\n\n\n<div class=\"wp-block-acf-ktk-simple-text simple-text-block\">\n                    <div class=\"simple-text-block__text\">\n        <p>La societ\u00e0 svolge prevalentemente attivit\u00e0 di trasporto pubblico di passeggeri su strada che si sviluppa, in larga parte, nell&#8217;esercizio dei servizi di Trasporto Pubblico Locale nel territorio dell\u2019ex Provincia di Udine in forza del \u201c<em>Contratto di servizio per la gestione dei servizi di trasporto pubblico locale di persone automobilistico, urbano ed extraurbano, tranviario e marittimo di competenza della regione autonoma Friuli Venezia Giulia<\/em>\u201d sottoscritto in data 15 novembre 2019 fra la Regione Friuli Venezia Giulia ed il consorzio TPL FVG Scarl (realt\u00e0 consortile della quale Arriva Udine fa parte) risultata assegnataria di tali servizi in seguito all\u2019espletamento di una Gara europea a procedura aperta.<\/p>\n<p>Arriva Udine si \u00e8 dotata, secondo quanto previsto dal D.Lgs. 231\/2001, di un modello di Organizzazione, Gestione e Controllo e relativo Codice Etico.<\/p>\n<p>Le funzioni di controllo e monitoraggio sui dati e le informazioni pubblicati, sono stati attribuite all&#8217;Organismo di Vigilanza e Controllo ex D. Lgs. 231\/2001.<\/p>\n    <\/div>\n        <\/div>\n<\/div>\n<\/div>\n\n\n\n<div class=\"wp-block-ktk-container  ktk-block-container\"><div class=\"ktk-block-container__content ktk-block-container__content--bg-none\">\n<div class=\"wp-block-ktk-card-wrapper  ktk-block-card-wrapper ktk-block-card-wrapper--bg-athens-gray card\">\n<div class=\"wp-block-acf-ktk-card-title\">\n    <div class=\"wp-block-acf-ktk-card-title__title-container\">\n        <h2 class=\"wp-block-acf-ktk-card-title__title\">Societ\u00e0 Trasparente<\/h2>\n    <\/div>\n    <\/div>\n\n\n\n<div class=\"wp-block-acf-ktk-card-text-content  \">\n    <div class=\"wp-block-acf-ktk-card-text-content__text-container\">\n                    <h5 class=\"wp-block-acf-ktk-card-text-content__title\">Attestazione assolvimento degli obblighi di pubblicazione<\/h5>\n                            <div class=\"wp-block-acf-ktk-card-text-content__text\"><p><i><span style=\"font-weight: 400;\">Vai alla sezione <\/span><\/i><a href=\"http:\/\/www.arrivaudine.it\/responsabilita-amministrativa\/\"><b><i>Responsabilit\u00e0 amministrativa.<\/i><\/b><\/a><\/p>\n<\/div>\n            <\/div>\n    <div class=\"wp-block-acf-ktk-card-text-content__btn-container\">\n                    <a class=\"btn wp-block-acf-ktk-card-text-content__btn \" href=\"https:\/\/arriva.it\/app\/uploads\/sites\/8\/2020\/12\/SAF-Attestazione-Assolvimento-Obblighi-di-Pubblicazione-2020.pdf\"  target=\"_blank\">\n                Documento di attestazione Griglia di rilevazione            <\/a>\n            <\/div>\n<\/div>\n\n\n\n<div style=\"height:40px\" aria-hidden=\"true\" class=\"wp-block-spacer\"><\/div>\n\n\n\n<div class=\"wp-block-acf-ktk-card-text-content  \">\n    <div class=\"wp-block-acf-ktk-card-text-content__text-container\">\n                    <h5 class=\"wp-block-acf-ktk-card-text-content__title\">Organi sociali<\/h5>\n                    <\/div>\n    <div class=\"wp-block-acf-ktk-card-text-content__btn-container\">\n            <\/div>\n<\/div>\n\n\n\n<div class=\"wp-block-ktk-accordion  ktk-block-accordion\" id=\"accordionId108527d5d9424f80af8d1e51971a360e\">\n<div class=\"wp-block-ktk-accordion-item  ktk-block-accordion-item\"><div class=\" ktk-block-accordion-item__header-container collapsed\" id=\"accordionItemId840d838676bb41699b81097ba2965c86header\" data-toggle=\"collapse\" aria-expanded=\"false\" data-target=\"#accordionItemId840d838676bb41699b81097ba2965c86content\" aria-controls=\"accordionItemId840d838676bb41699b81097ba2965c86content\"><div class=\" ktk-block-accordion-item__header\"><h4 class=\"ktk-block-accordion-item__title\">Incarichi dirigenziali<\/h4><\/div><\/div><div class=\" ktk-block-accordion-item__content collapse\" aria-labelledby=\"accordionItemId840d838676bb41699b81097ba2965c86header\" data-parent=\"#accordionId108527d5d9424f80af8d1e51971a360e\" id=\"accordionItemId840d838676bb41699b81097ba2965c86content\">\n<div class=\"wp-block-acf-ktk-wysiwyg  \">\n    <p>Non sono presenti componenti di organi di indirizzo politico\/amministrativo nominati o designati da enti o amministrazioni pubbliche<\/p>\n<p><a href=\"https:\/\/arriva.it\/app\/uploads\/sites\/8\/2020\/12\/Dichiarazioni-OS-gennaio-2021.pdf\" target=\"_blank\" rel=\"noopener\">ORGANI SOCIALI<\/a><br \/>\nDichiarazioni ex D.Lgs. 39\/2013<\/p>\n<p><a href=\"https:\/\/arriva.it\/app\/uploads\/sites\/8\/2020\/12\/Dichiarazioni-ID-gennaio-2021.pdf\" target=\"_blank\" rel=\"noopener\"> INCARICHI DIRIGENZIALI<\/a><br \/>\nDichiarazioni ex D.Lgs. 39\/2013<\/p>\n<\/div>\n<\/div><\/div>\n\n\n\n<div class=\"wp-block-ktk-accordion-item  ktk-block-accordion-item\"><div class=\" ktk-block-accordion-item__header-container collapsed\" id=\"accordionItemIdde730765e8934e819f2f62e9a3d65bdfheader\" data-toggle=\"collapse\" aria-expanded=\"false\" data-target=\"#accordionItemIdde730765e8934e819f2f62e9a3d65bdfcontent\" aria-controls=\"accordionItemIdde730765e8934e819f2f62e9a3d65bdfcontent\"><div class=\" ktk-block-accordion-item__header\"><h4 class=\"ktk-block-accordion-item__title\">Sovvenzioni, contributi, sussidi e vantaggi economici<\/h4><\/div><\/div><div class=\" ktk-block-accordion-item__content collapse\" aria-labelledby=\"accordionItemIdde730765e8934e819f2f62e9a3d65bdfheader\" data-parent=\"#accordionId108527d5d9424f80af8d1e51971a360e\" id=\"accordionItemIdde730765e8934e819f2f62e9a3d65bdfcontent\">\n<div class=\"wp-block-acf-ktk-wysiwyg  \">\n    <p>Arriva Udine S.p.A. non provvede, nell\u2019ambito dell\u2019esercizio delle funzioni di pubblico interesse, alla concessione in forma istituzionale di sovvenzioni, contributi, sussidi ed ausili finanziari alle imprese e comunque di vantaggi economici di qualunque genere a persone ed enti pubblici e privati.<\/p>\n<\/div>\n<\/div><\/div>\n<\/div>\n\n\n\n<div style=\"height:40px\" aria-hidden=\"true\" class=\"wp-block-spacer\"><\/div>\n\n\n\n<div class=\"wp-block-acf-ktk-card-text-content  \">\n    <div class=\"wp-block-acf-ktk-card-text-content__text-container\">\n                    <h5 class=\"wp-block-acf-ktk-card-text-content__title\">Attivit\u00e0 e procedimenti<\/h5>\n                            <div class=\"wp-block-acf-ktk-card-text-content__text\"><p><span style=\"font-weight: 400;\">Data la natura della sua attivit\u00e0, Arriva Udine S.p.A. non pone di norma in essere procedimenti di natura amministrativa, tantomeno procedimenti in deroga alle procedure ordinarie. Essa peraltro esercita, tramite personale a ci\u00f2 espressamente autorizzato, funzioni di controllo sulla regolarit\u00e0 dei titoli di viaggio, svolta secondo quanto previsto dall\u2019art. 35, LR FVG 20 agosto 2007, n. 23.<\/span><\/p>\n<p><span style=\"font-weight: 400;\">Dettagliate informazioni sull\u2019esercizio di tale funzione e sull\u2019applicazione delle sanzioni amministrative sono contenute nel\u00a0<\/span><a href=\"https:\/\/tplfvg.it\/it\/il-viaggio\/regolamento-di-viaggio\/\"><b>Regolamento dei servizi<\/b><\/a><span style=\"font-weight: 400;\">\u00a0<\/span><\/p>\n<\/div>\n            <\/div>\n    <div class=\"wp-block-acf-ktk-card-text-content__btn-container\">\n            <\/div>\n<\/div>\n\n\n\n<div class=\"wp-block-ktk-accordion  ktk-block-accordion\" id=\"accordionId0baeeb5c48604e618ea6d5ad3e089b02\">\n<div class=\"wp-block-ktk-accordion-item  ktk-block-accordion-item\"><div class=\" ktk-block-accordion-item__header-container collapsed\" id=\"accordionItemId6ebc950cd270464ba72fc23bc8989bd0header\" data-toggle=\"collapse\" aria-expanded=\"false\" data-target=\"#accordionItemId6ebc950cd270464ba72fc23bc8989bd0content\" aria-controls=\"accordionItemId6ebc950cd270464ba72fc23bc8989bd0content\"><div class=\" ktk-block-accordion-item__header\"><h4 class=\"ktk-block-accordion-item__title\">Bandi di gara e contratti<\/h4><\/div><\/div><div class=\" ktk-block-accordion-item__content collapse\" aria-labelledby=\"accordionItemId6ebc950cd270464ba72fc23bc8989bd0header\" data-parent=\"#accordionId0baeeb5c48604e618ea6d5ad3e089b02\" id=\"accordionItemId6ebc950cd270464ba72fc23bc8989bd0content\">\n<div class=\"wp-block-acf-ktk-wysiwyg  \">\n    <p>Obblighi ex art.1, comma 32, L. 6 novembre 2012, n. 190<\/p>\n<p style=\"font-weight: 400;\"><strong><a href=\"https:\/\/www.saf.ud.it\/CMS\/Files\/dataset_2019.xml\">anno 2019<\/a><\/strong><\/p>\n<p style=\"font-weight: 400;\"><strong><a href=\"http:\/\/www.saf.ud.it\/CMS\/Files\/dataset_2018.xml\">anno 2018<\/a><\/strong><\/p>\n<p style=\"font-weight: 400;\"><strong><a href=\"http:\/\/www.saf.ud.it\/CMS\/Files\/dataset_2017.xml\">anno 2017<\/a><\/strong><\/p>\n<p style=\"font-weight: 400;\"><strong><a href=\"http:\/\/www.saf.ud.it\/CMS\/Files\/dataset_2016.xml\">anno 2016<\/a><\/strong><\/p>\n<p><span style=\"font-weight: 400;\">Per gli altri contenuti si rimanda alla sezione <\/span><a href=\"http:\/\/www.arrivaudine.it\/bandi-e-gare\/\"><b><i>Bandi e gare<\/i><\/b><\/a><\/p>\n<\/div>\n<\/div><\/div>\n\n\n\n<div class=\"wp-block-ktk-accordion-item  ktk-block-accordion-item\"><div class=\" ktk-block-accordion-item__header-container collapsed\" id=\"accordionItemId8e46dff25f1d41c984fafda38e7542b9header\" data-toggle=\"collapse\" aria-expanded=\"false\" data-target=\"#accordionItemId8e46dff25f1d41c984fafda38e7542b9content\" aria-controls=\"accordionItemId8e46dff25f1d41c984fafda38e7542b9content\"><div class=\" ktk-block-accordion-item__header\"><h4 class=\"ktk-block-accordion-item__title\">Bilanci e conti consuntivi<\/h4><\/div><\/div><div class=\" ktk-block-accordion-item__content collapse\" aria-labelledby=\"accordionItemId8e46dff25f1d41c984fafda38e7542b9header\" data-parent=\"#accordionId0baeeb5c48604e618ea6d5ad3e089b02\" id=\"accordionItemId8e46dff25f1d41c984fafda38e7542b9content\">\n<div class=\"wp-block-acf-ktk-wysiwyg  \">\n    <p style=\"font-weight: 400;\"><strong><a href=\"https:\/\/arriva.it\/app\/uploads\/sites\/8\/2020\/12\/SAF_Bilancio_2019.pdf\" target=\"_blank\" rel=\"noopener\">Bilancio 2019<\/a><\/strong><\/p>\n<p style=\"font-weight: 400;\"><strong><a href=\"https:\/\/arriva.it\/app\/uploads\/sites\/8\/2020\/12\/SAF-Bilancio-2018_XBRL_20190522_S2.pdf\" target=\"_blank\" rel=\"noopener\">Bilancio 2018<\/a><\/strong><\/p>\n<p style=\"font-weight: 400;\"><strong><a href=\"https:\/\/arriva.it\/app\/uploads\/sites\/8\/2020\/12\/SAF-Bilancio-e-Nota-Integrativa-XBRL-2017_01.06.2018.pdf\" target=\"_blank\" rel=\"noopener\">Bilancio 2017<\/a><\/strong><\/p>\n<p style=\"font-weight: 400;\"><strong>Bilancio 2016<\/strong><\/p>\n<p>&nbsp;<\/p>\n<\/div>\n<\/div><\/div>\n\n\n\n<div class=\"wp-block-ktk-accordion-item  ktk-block-accordion-item\"><div class=\" ktk-block-accordion-item__header-container collapsed\" id=\"accordionItemId4183fa3153f44b61b6d9647171198d5dheader\" data-toggle=\"collapse\" aria-expanded=\"false\" data-target=\"#accordionItemId4183fa3153f44b61b6d9647171198d5dcontent\" aria-controls=\"accordionItemId4183fa3153f44b61b6d9647171198d5dcontent\"><div class=\" ktk-block-accordion-item__header\"><h4 class=\"ktk-block-accordion-item__title\">Servizi Erogati<\/h4><\/div><\/div><div class=\" ktk-block-accordion-item__content collapse\" aria-labelledby=\"accordionItemId4183fa3153f44b61b6d9647171198d5dheader\" data-parent=\"#accordionId0baeeb5c48604e618ea6d5ad3e089b02\" id=\"accordionItemId4183fa3153f44b61b6d9647171198d5dcontent\">\n<div class=\"wp-block-acf-ktk-wysiwyg  \">\n    <p style=\"font-weight: 400;\"><strong><a href=\"https:\/\/arriva.it\/app\/uploads\/sites\/8\/2020\/12\/Costi-contabilizzati-2019-aggiornati.pdf\" target=\"_blank\" rel=\"noopener\">Costi contabilizzati<\/a><\/strong><\/p>\n<p style=\"font-weight: 400;\"><a href=\"https:\/\/arriva.it\/app\/uploads\/sites\/8\/2021\/02\/carta-dei-servizi2020.pdf\" target=\"_blank\" rel=\"noopener\"><strong>Carta dei Servizi<\/strong><\/a><\/p>\n<p>Class action: non risultano ricorsi in giudizio proposti dai titolari di interessi giuridicamente rilevanti ed omogeni nei confronti di Arriva Udine S.p.A. al fine di ripristinare il corretto svolgimento della funzione o la corretta erogazione di un servizio.<\/p>\n<\/div>\n<\/div><\/div>\n\n\n\n<div class=\"wp-block-ktk-accordion-item  ktk-block-accordion-item\"><div class=\" ktk-block-accordion-item__header-container collapsed\" id=\"accordionItemId0dde83f2ead543feabc28a6213ecbee3header\" data-toggle=\"collapse\" aria-expanded=\"false\" data-target=\"#accordionItemId0dde83f2ead543feabc28a6213ecbee3content\" aria-controls=\"accordionItemId0dde83f2ead543feabc28a6213ecbee3content\"><div class=\" ktk-block-accordion-item__header\"><h4 class=\"ktk-block-accordion-item__title\">Altri contenuti<\/h4><p class=\"ktk-block-accordion-item__subtitle\">Accesso civico<\/p><\/div><\/div><div class=\" ktk-block-accordion-item__content collapse\" aria-labelledby=\"accordionItemId0dde83f2ead543feabc28a6213ecbee3header\" data-parent=\"#accordionId0baeeb5c48604e618ea6d5ad3e089b02\" id=\"accordionItemId0dde83f2ead543feabc28a6213ecbee3content\">\n<div class=\"wp-block-acf-ktk-wysiwyg  \">\n    <p>Le richieste di accesso civico e di accesso civico generalizzato ex D. Lgs. 33 del 14 marzo 2013 (cd. Decreto Trasparenza), vanno inviate al Responsabile, individuato nell\u2019area Qualit\u00e0 e Certificazioni, tramite mail all\u2019indirizzo<\/p>\n<p><a href=\"mailto:responsabile.accessocivico@arrivaudine.it\">responsabile.accessocivico@arrivaudine.it<\/a> o raccomandata A.R. corredati da fotocopia della carta d\u2019identit\u00e0 del richiedente.<\/p>\n<p>Il titolare del potere sostitutivo , attivabile in caso di ritardo o mancata risposta \u00e8 individuato nell\u2019Amministratore Delegato della Societ\u00e0<\/p>\n<p><a href=\"https:\/\/arriva.it\/app\/uploads\/sites\/8\/2020\/12\/Registro-richieste-accesso-civico_2003201.pdf\" target=\"_blank\" rel=\"noopener\"><strong>Registro richieste di accesso<\/strong><\/a><\/p>\n<\/div>\n<\/div><\/div>\n<\/div>\n<\/div>\n<\/div><\/div>\n\n\n\n<p><\/p>\n<\/div><\/div>\n\n\n\n<p><\/p>\n","protected":false},"excerpt":{"rendered":"","protected":false},"author":22,"featured_media":0,"parent":0,"menu_order":0,"comment_status":"closed","ping_status":"closed","template":"","meta":[],"yoast_head":"<!-- This site is optimized with the Yoast SEO plugin v20.1 - https:\/\/yoast.com\/wordpress\/plugins\/seo\/ -->\n<title>Societ\u00e0 trasparente - Arriva Italia - Udine<\/title>\n<meta name=\"robots\" content=\"index, follow, max-snippet:-1, max-image-preview:large, max-video-preview:-1\" \/>\n<link rel=\"canonical\" href=\"https:\/\/www.arrivaudine.it\/en\/societa-trasparente\/\" \/>\n<meta property=\"og:locale\" content=\"en_US\" \/>\n<meta property=\"og:type\" content=\"article\" \/>\n<meta property=\"og:title\" content=\"Societ\u00e0 trasparente - Arriva Italia - Udine\" \/>\n<meta property=\"og:url\" content=\"https:\/\/www.arrivaudine.it\/en\/societa-trasparente\/\" \/>\n<meta property=\"og:site_name\" content=\"Arriva Italia - Udine\" \/>\n<meta property=\"article:modified_time\" content=\"2021-03-17T12:06:20+00:00\" \/>\n<meta name=\"twitter:card\" content=\"summary_large_image\" \/>\n<script type=\"application\/ld+json\" class=\"yoast-schema-graph\">{\"@context\":\"https:\/\/schema.org\",\"@graph\":[{\"@type\":\"WebPage\",\"@id\":\"https:\/\/www.arrivaudine.it\/en\/societa-trasparente\/\",\"url\":\"https:\/\/www.arrivaudine.it\/en\/societa-trasparente\/\",\"name\":\"Societ\u00e0 trasparente - Arriva Italia - Udine\",\"isPartOf\":{\"@id\":\"https:\/\/www.arrivaudine.it\/#website\"},\"datePublished\":\"2020-12-04T16:32:57+00:00\",\"dateModified\":\"2021-03-17T12:06:20+00:00\",\"breadcrumb\":{\"@id\":\"https:\/\/www.arrivaudine.it\/en\/societa-trasparente\/#breadcrumb\"},\"inLanguage\":\"en-US\",\"potentialAction\":[{\"@type\":\"ReadAction\",\"target\":[\"https:\/\/www.arrivaudine.it\/en\/societa-trasparente\/\"]}]},{\"@type\":\"BreadcrumbList\",\"@id\":\"https:\/\/www.arrivaudine.it\/en\/societa-trasparente\/#breadcrumb\",\"itemListElement\":[{\"@type\":\"ListItem\",\"position\":1,\"name\":\"Home\",\"item\":\"https:\/\/www.arrivaudine.it\/en\/\"},{\"@type\":\"ListItem\",\"position\":2,\"name\":\"Societ\u00e0 trasparente\"}]},{\"@type\":\"WebSite\",\"@id\":\"https:\/\/www.arrivaudine.it\/#website\",\"url\":\"https:\/\/www.arrivaudine.it\/\",\"name\":\"Arriva Italia - Udine\",\"description\":\"\",\"potentialAction\":[{\"@type\":\"SearchAction\",\"target\":{\"@type\":\"EntryPoint\",\"urlTemplate\":\"https:\/\/www.arrivaudine.it\/?s={search_term_string}\"},\"query-input\":\"required name=search_term_string\"}],\"inLanguage\":\"en-US\"}]}<\/script>\n<!-- \/ Yoast SEO plugin. -->","yoast_head_json":{"title":"Societ\u00e0 trasparente - Arriva Italia - Udine","robots":{"index":"index","follow":"follow","max-snippet":"max-snippet:-1","max-image-preview":"max-image-preview:large","max-video-preview":"max-video-preview:-1"},"canonical":"https:\/\/www.arrivaudine.it\/en\/societa-trasparente\/","og_locale":"en_US","og_type":"article","og_title":"Societ\u00e0 trasparente - Arriva Italia - Udine","og_url":"https:\/\/www.arrivaudine.it\/en\/societa-trasparente\/","og_site_name":"Arriva Italia - Udine","article_modified_time":"2021-03-17T12:06:20+00:00","twitter_card":"summary_large_image","schema":{"@context":"https:\/\/schema.org","@graph":[{"@type":"WebPage","@id":"https:\/\/www.arrivaudine.it\/en\/societa-trasparente\/","url":"https:\/\/www.arrivaudine.it\/en\/societa-trasparente\/","name":"Societ\u00e0 trasparente - Arriva Italia - Udine","isPartOf":{"@id":"https:\/\/www.arrivaudine.it\/#website"},"datePublished":"2020-12-04T16:32:57+00:00","dateModified":"2021-03-17T12:06:20+00:00","breadcrumb":{"@id":"https:\/\/www.arrivaudine.it\/en\/societa-trasparente\/#breadcrumb"},"inLanguage":"en-US","potentialAction":[{"@type":"ReadAction","target":["https:\/\/www.arrivaudine.it\/en\/societa-trasparente\/"]}]},{"@type":"BreadcrumbList","@id":"https:\/\/www.arrivaudine.it\/en\/societa-trasparente\/#breadcrumb","itemListElement":[{"@type":"ListItem","position":1,"name":"Home","item":"https:\/\/www.arrivaudine.it\/en\/"},{"@type":"ListItem","position":2,"name":"Societ\u00e0 trasparente"}]},{"@type":"WebSite","@id":"https:\/\/www.arrivaudine.it\/#website","url":"https:\/\/www.arrivaudine.it\/","name":"Arriva Italia - Udine","description":"","potentialAction":[{"@type":"SearchAction","target":{"@type":"EntryPoint","urlTemplate":"https:\/\/www.arrivaudine.it\/?s={search_term_string}"},"query-input":"required name=search_term_string"}],"inLanguage":"en-US"}]}},"acf":{"featured_image_mask":"none"},"_links":{"self":[{"href":"https:\/\/www.arrivaudine.it\/en\/wp-json\/wp\/v2\/pages\/877"}],"collection":[{"href":"https:\/\/www.arrivaudine.it\/en\/wp-json\/wp\/v2\/pages"}],"about":[{"href":"https:\/\/www.arrivaudine.it\/en\/wp-json\/wp\/v2\/types\/page"}],"author":[{"embeddable":true,"href":"https:\/\/www.arrivaudine.it\/en\/wp-json\/wp\/v2\/users\/22"}],"replies":[{"embeddable":true,"href":"https:\/\/www.arrivaudine.it\/en\/wp-json\/wp\/v2\/comments?post=877"}],"version-history":[{"count":6,"href":"https:\/\/www.arrivaudine.it\/en\/wp-json\/wp\/v2\/pages\/877\/revisions"}],"predecessor-version":[{"id":2514,"href":"https:\/\/www.arrivaudine.it\/en\/wp-json\/wp\/v2\/pages\/877\/revisions\/2514"}],"wp:attachment":[{"href":"https:\/\/www.arrivaudine.it\/en\/wp-json\/wp\/v2\/media?parent=877"}],"curies":[{"name":"wp","href":"https:\/\/api.w.org\/{rel}","templated":true}]}}