{"id":883,"date":"2020-12-04T14:30:53","date_gmt":"2020-12-04T14:30:53","guid":{"rendered":"http:\/\/udine.arriva.it\/storia\/"},"modified":"2022-09-28T15:37:15","modified_gmt":"2022-09-28T15:37:15","slug":"storia","status":"publish","type":"page","link":"https:\/\/www.arrivaudine.it\/en\/storia\/","title":{"rendered":"Storia"},"content":{"rendered":"\n<div class=\"wp-block-ktk-container  ktk-block-container\"><div class=\"ktk-block-container__content ktk-block-container__content--bg-none\">\n<div class=\"wp-block-ktk-card-wrapper  ktk-block-card-wrapper ktk-block-card-wrapper--bg-robins-egg-blue card\">\n<div class=\"wp-block-acf-ktk-card-title\">\n    <div class=\"wp-block-acf-ktk-card-title__title-container\">\n        <h2 class=\"wp-block-acf-ktk-card-title__title\">La storia<\/h2>\n    <\/div>\n    <\/div>\n\n\n\n<figure class=\"wp-block-image size-large\"><img decoding=\"async\" loading=\"lazy\" width=\"1024\" height=\"762\" src=\"https:\/\/arriva.it\/app\/uploads\/sites\/8\/2021\/02\/bus-saita-2.jpg\" alt=\"\" class=\"wp-image-1302\" srcset=\"https:\/\/arriva.it\/app\/uploads\/sites\/8\/2021\/02\/bus-saita-2.jpg 1024w, https:\/\/arriva.it\/app\/uploads\/sites\/8\/2021\/02\/bus-saita-2-300x223.jpg 300w, https:\/\/arriva.it\/app\/uploads\/sites\/8\/2021\/02\/bus-saita-2-768x572.jpg 768w, https:\/\/arriva.it\/app\/uploads\/sites\/8\/2021\/02\/bus-saita-2-540x402.jpg 540w, https:\/\/arriva.it\/app\/uploads\/sites\/8\/2021\/02\/bus-saita-2-63x47.jpg 63w, https:\/\/arriva.it\/app\/uploads\/sites\/8\/2021\/02\/bus-saita-2-40x30.jpg 40w, https:\/\/arriva.it\/app\/uploads\/sites\/8\/2021\/02\/bus-saita-2-54x40.jpg 54w\" sizes=\"(max-width: 1024px) 100vw, 1024px\" \/><\/figure>\n\n\n\n<div class=\"wp-block-acf-ktk-card-text-content  \">\n    <div class=\"wp-block-acf-ktk-card-text-content__text-container\">\n                            <div class=\"wp-block-acf-ktk-card-text-content__text\"><p><span style=\"font-weight: 400;\">Arriva Udine S.p.A. da settembre 2020 \u00e8 la nuova denominazione di SAF Autoservizi F.V.G. S.p.A.: un cambiamento storico che conferma la volont\u00e0 di Arriva Italia di consolidare la presenza in terra friulana. La valorizzazione del legame con i territori, e i continui investimenti in innovazione e miglioramento del servizio, sono due punti chiave della strategia del Gruppo nei territori in cui opera. Lo schema di governance basato su una struttura di partenariato pubblico-privato, immutato dal 2004, si conferma un modello di efficienza e una strategia di successo che il Gruppo ha implementato anche in altre realt\u00e0 in cui opera in partnership con soggetti pubblici. Inoltre, con l\u2019avvio del nuovo contratto del consorzio TPL FVG, si apre un\u2019importante prospettiva di valorizzazione a medio-lungo termine delle risorse aziendali e si conferma l\u2019impegno del Gruppo Arriva a investire per un servizio sempre pi\u00f9 efficiente e innovativo.<\/span><\/p>\n<p><span style=\"font-weight: 400;\">Qualit\u00e0 e sostenibilit\u00e0, ambientale ed economica, innovazione e attenzione ai bisogni del territorio, sono le traiettorie lungo le quali si svilupper\u00e0 l\u2019azione aziendale.\u00a0<\/span><\/p>\n<p><span style=\"font-weight: 400;\">Cambia il nome ma l\u2019anima di SAF rimane la stessa, integrando i valori di una importante realt\u00e0 locale con quelli di una multinazionale ai vertici del settore della mobilit\u00e0 a livello europeo. Qualit\u00e0 e sostenibilit\u00e0, ambientale ed economica, innovazione e attenzione ai bisogni del territorio, sono le traiettorie lungo le quali si svilupper\u00e0 l\u2019azione aziendale.\u00a0<\/span><\/p>\n<p><span style=\"font-weight: 400;\">Arriva Udine nasce con il nome di <strong>SAF<\/strong> nel 1995 dall\u2019unione di 5 aziende (Collavini, Ferrari, Rosina, Olivo e Autolinee Triestine) gi\u00e0 operanti sul territorio friulano per i collegamenti con la Carnia, la Bassa Friulana, il Codroipese e il Cividalese e, da Trieste, con le attuali Slovenia e Croazia.<br \/>\n<\/span><span style=\"font-weight: 400;\">Alla fine degli anni &#8217;90 viene costituita un\u2019Associazione Temporanea d&#8217;Impresa (ATI) con ATM Udine e Saita per partecipare alla gara di appalto dei Servizi di Trasporto Pubblico Locale (TPL) urbano ed extraurbano per l\u2019Unit\u00e0 di Gestione Udinese fino al 2010. Con l&#8217;acquisto del ramo TPL di La Gradese si amplia il bacino territoriale e si consolida il processo di omogeneizzazione di uomini, mezzi e strutture.<br \/>\n<\/span><span style=\"font-weight: 400;\">Nel 2001, aggiudicato il servizio, la societ\u00e0 si trasforma in Autoservizi F.V.G. S.p.A. &#8211; SAF, concessionaria unica nel territorio di competenza.<br \/>\n<\/span><span style=\"font-weight: 400;\">Nel 2004, SAF entra a far parte, attraverso Arriva Italia, del gruppo inglese <\/span><b>Arriva plc<\/b><span style=\"font-weight: 400;\">: al forte radicamento sul territorio si affianca dunque l\u2019appartenenza ad un gruppo internazionale che attualmente gestisce in 14 Paesi\u00a0 Europei <\/span><b>oltre 46.000 dipendenti, trasportando ogni anno 2 miliardi di passeggeri.<\/b> <span style=\"font-weight: 400;\">Da agosto 2010, Arriva plc diventa di propriet\u00e0 di Deutsche Bahn, il colosso tedesco del trasporto ferroviario che conta quasi 300.000 dipendenti.\u00a0<\/span><\/p>\n<p><span style=\"font-weight: 400;\">Attraverso il consorzio TPL FVG S.c.a.r.l., composto dalle 4 aziende regionali del TPL, SAF si aggiudica il contratto di servizio di trasporto pubblico su gomma e via mare per il bacino unico regionale del Friuli Venezia Giulia per il decennio 2020-2030.<\/span><\/p>\n<p><span style=\"font-weight: 400;\">Know-how, tecnologia e rispetto per l\u2019ambiente caratterizzano Arriva Udine, che opera attraverso 600 dipendenti organizzati presso l\u2019unit\u00e0 centrale di Udine e l\u2019unit\u00e0 locale di Tolmezzo, con una flotta di circa 400 mezzi, con officine, magazzini e depositi sul territorio.<br \/>\n<\/span><span style=\"font-weight: 400;\">Oltre al servizio di trasporto pubblico via terra e via mare, Arriva Udine svolge servizi atipici, scuolabus, turistici, noleggio con conducente, transfer e navette.<\/span><\/p>\n<\/div>\n            <\/div>\n    <div class=\"wp-block-acf-ktk-card-text-content__btn-container\">\n            <\/div>\n<\/div>\n<\/div>\n<\/div><\/div>\n\n\n\n<div class=\"wp-block-ktk-descriptive-layout  ktk-block-descriptive-layout ktk-block-descriptive-layout--has-ellipse\"><div class=\"ktk-block-descriptive-layout__container\"><div class=\"ktk-block-descriptive-layout__list\">\n<div class=\"wp-block-ktk-descriptive-layout-column  ktk-block-descriptive-layout__column ktk-block-descriptive-layout__column--left ktk-block-descriptive-layout__column--has-img\"><div class=\"ktk-block-descriptive-layout__style\" style=\" background-image: url('https:\/\/arriva.it\/app\/uploads\/sites\/8\/2020\/12\/Bus-SIA-Noleggio-min-scaled-1-960x520.jpg');  \"><\/div><\/div>\n\n\n\n<div class=\"wp-block-ktk-descriptive-layout-column  ktk-block-descriptive-layout__column ktk-block-descriptive-layout__column--right ktk-block-descriptive-layout__column--has-bg ktk-block-descriptive-layout__column--bg-secondary\"><div class=\"ktk-block-descriptive-layout__style\" style=\"   \"><\/div>\n<div class=\"wp-block-acf-ktk-simple-text simple-text-block\">\n            <p class= \"simple-text-block__title-h1\">Il gruppo Arriva<\/p>\n                <p class= \"simple-text-block__subtitle\">Mobility partner of Choice<\/p>\n                <div class=\"simple-text-block__text\">\n        <p><strong>Arriva\u00a0<\/strong>\u00e8 uno dei pi\u00f9 grandi operatori nel settore della mobilit\u00e0, con circa 40.000 dipendenti e un volume di passeggeri trasportati di 1.2 miliardi annui nei 13 paesi europei in cui \u00e8 presente.<\/p>\n<p>Gestisce un\u2019ampia gamma di servizi: trasporto pubblico locale urbano e interurbano, servizi ferroviari regionali e nazionali, tram, collegamenti marittimi, servizi a chiamata e servizi per disabili.<\/p>\n    <\/div>\n                <a class=\"btn simple-text-block__btn \" href=\"http:\/\/arriva.it\"  target=\"_blank\">\n            Scopri di pi\u00f9        <\/a>\n    <\/div>\n<\/div>\n<\/div><\/div><\/div>\n\n\n\n<div class=\"wp-block-ktk-container  ktk-block-container ktk-block-container--bg-gray\"><div class=\"ktk-block-container__content \">\n<div class=\"wp-block-acf-ktk-page-title \">\n    <h1 class=\"wp-block-acf-ktk-page-title__title\">Storia dell\u2019azienda<\/h1>\n<\/div>\n\n\n\n<div class=\"wp-block-acf-ktk-section-subtitle \">\n    <p class=\"wp-block-acf-ktk-section-subtitle__subtitle\">Arriva Udine<\/p>\n<\/div>\n\n\n\n<div class=\"wp-block-acf-ktk-history is-style-alternate-year-description\">\n                                    <div class=\"wp-block-acf-ktk-history__row\">\n                <div class=\"wp-block-acf-ktk-history__col wp-block-acf-ktk-history__col--year\">\n                    <div class=\"wp-block-acf-ktk-history__year\">\n                        1995                    <\/div>        \n                <\/div>\n                <div class=\"wp-block-acf-ktk-history__col wp-block-acf-ktk-history__col--text\">                    \n                    <div class=\"wp-block-acf-ktk-history__title\">\n                        SAF Autoservizi F.V.G. S.p.A.                    <\/div>\n                                            <div class=\"wp-block-acf-ktk-history__description\">\n                            <p>nasce nel 1995 dall\u2019unione di 5 Aziende (Collavini, Ferrari, Rosina, Olivo e Autolinee Triestine) operanti sul territorio per i collegamenti con la Carnia, la Bassa Friulana, il Codroipese e il Cividalese e, da Trieste, con le attuali Slovenia e Croazia.<\/p>\n                        <\/div>\n                                    <\/div>\n            <\/div>\n                                <div class=\"wp-block-acf-ktk-history__row\">\n                <div class=\"wp-block-acf-ktk-history__col wp-block-acf-ktk-history__col--year\">\n                    <div class=\"wp-block-acf-ktk-history__year\">\n                        anni &#8217;90                    <\/div>        \n                <\/div>\n                <div class=\"wp-block-acf-ktk-history__col wp-block-acf-ktk-history__col--text\">                    \n                    <div class=\"wp-block-acf-ktk-history__title\">\n                        ATI                    <\/div>\n                                            <div class=\"wp-block-acf-ktk-history__description\">\n                            <p>Alla fine degli anni &#8217;90 viene\u00a0costituita un\u2019Associazione Temporanea d&#8217;Impresa (ATI) con ATM Udine e Saita per partecipare alla gara di appalto dei Servizi di Trasporto Pubblico Locale (TPL) urbano ed extraurbano per l\u2019Unit\u00e0 di Gestione Udinese fino al 2010. Con l&#8217;acquisto del ramo TPL de La Gradese si amplia il bacino territoriale e si consolida il processo di omogeneizzazione di uomini, mezzi e strutture.<\/p>\n                        <\/div>\n                                    <\/div>\n            <\/div>\n                                <div class=\"wp-block-acf-ktk-history__row\">\n                <div class=\"wp-block-acf-ktk-history__col wp-block-acf-ktk-history__col--year\">\n                    <div class=\"wp-block-acf-ktk-history__year\">\n                        2001                    <\/div>        \n                <\/div>\n                <div class=\"wp-block-acf-ktk-history__col wp-block-acf-ktk-history__col--text\">                    \n                    <div class=\"wp-block-acf-ktk-history__title\">\n                        Autoservizi F.V.G. S.p.A                    <\/div>\n                                            <div class=\"wp-block-acf-ktk-history__description\">\n                            <p>Nel 2001, aggiudicato il servizio, la societ\u00e0 si trasforma in Autoservizi F.V.G. S.p.A. &#8211; SAF, concessionaria unica nel territorio di competenza.<\/p>\n                        <\/div>\n                                    <\/div>\n            <\/div>\n                                <div class=\"wp-block-acf-ktk-history__row\">\n                <div class=\"wp-block-acf-ktk-history__col wp-block-acf-ktk-history__col--year\">\n                    <div class=\"wp-block-acf-ktk-history__year\">\n                        2004                    <\/div>        \n                <\/div>\n                <div class=\"wp-block-acf-ktk-history__col wp-block-acf-ktk-history__col--text\">                    \n                    <div class=\"wp-block-acf-ktk-history__title\">\n                        Arriva plc                    <\/div>\n                                            <div class=\"wp-block-acf-ktk-history__description\">\n                            <p>Nel 2004, SAF entra a far parte del gruppo inglese Arriva plc: al forte radicamento sul territorio si affianca dunque l\u2019appartenenza ad un gruppo internazionale che, in continua espansione, gestisce in 14 Paesi Europei oltre 53.000 dipendenti e pi\u00f9 di 20.000 veicoli (treni, autobus, traghetti, funicolari e tram) che muovono ogni anno 2 miliardi di viaggi passeggeri.<\/p>\n                        <\/div>\n                                    <\/div>\n            <\/div>\n                                <div class=\"wp-block-acf-ktk-history__row\">\n                <div class=\"wp-block-acf-ktk-history__col wp-block-acf-ktk-history__col--year\">\n                    <div class=\"wp-block-acf-ktk-history__year\">\n                        2009                    <\/div>        \n                <\/div>\n                <div class=\"wp-block-acf-ktk-history__col wp-block-acf-ktk-history__col--text\">                    \n                    <div class=\"wp-block-acf-ktk-history__title\">\n                        TPL FVG                    <\/div>\n                                            <div class=\"wp-block-acf-ktk-history__description\">\n                            <p>Costituzione del consorzio TPL FVG Scarl (SAF Udine, APT Gorizia, Trieste Trasporti, ATAP Pordenone) per partecipare alla gara europea per l\u2019affidamento dei servizi automobilistici di trasporto di persone urbani ed extraurbani e dei servizi marittimi di competenza della Regione Autonoma Friuli Venezia Giulia<\/p>\n                        <\/div>\n                                    <\/div>\n            <\/div>\n                                <div class=\"wp-block-acf-ktk-history__row\">\n                <div class=\"wp-block-acf-ktk-history__col wp-block-acf-ktk-history__col--year\">\n                    <div class=\"wp-block-acf-ktk-history__year\">\n                        2010                    <\/div>        \n                <\/div>\n                <div class=\"wp-block-acf-ktk-history__col wp-block-acf-ktk-history__col--text\">                    \n                    <div class=\"wp-block-acf-ktk-history__title\">\n                        Deutsche Bahn                    <\/div>\n                                            <div class=\"wp-block-acf-ktk-history__description\">\n                            <p>Da agosto 2010, Arriva plc \u00e8 diventata di propriet\u00e0 di Deutsche Bahn, il colosso tedesco del trasporto ferroviario che conta quasi 300.000 dipendenti.<\/p>\n<p>Know-how, tecnologia e rispetto per l\u2019ambiente caratterizzano SAF, che opera attraverso 600 dipendenti organizzati presso l\u2019unit\u00e0 centrale di Udine e l&#8217;unit\u00e0 locale di Tolmezzo, i propri depositi, parcheggi e rimesse e i relativi servizi, una flotta di circa 450 mezzi e oltre 700 biglietterie dislocate su tutta l\u2019area servita.<\/p>\n<p>SAF gestisce oltre al servizio di trasporto via terra e via mare, servizi atipici (scuolabus), noleggio con conducente, servizi transfer e navetta.<\/p>\n                        <\/div>\n                                    <\/div>\n            <\/div>\n                                <div class=\"wp-block-acf-ktk-history__row\">\n                <div class=\"wp-block-acf-ktk-history__col wp-block-acf-ktk-history__col--year\">\n                    <div class=\"wp-block-acf-ktk-history__year\">\n                        2019                    <\/div>        \n                <\/div>\n                <div class=\"wp-block-acf-ktk-history__col wp-block-acf-ktk-history__col--text\">                    \n                    <div class=\"wp-block-acf-ktk-history__title\">\n                        Firma del nuovo contratto di servizio                     <\/div>\n                                            <div class=\"wp-block-acf-ktk-history__description\">\n                            <p>TPL FVG firma il contratto di servizio per il TPL regione FVG 2020-2030, che partir\u00e0 formalmente dal 1 maggio 2020<\/p>\n                        <\/div>\n                                    <\/div>\n            <\/div>\n                                <div class=\"wp-block-acf-ktk-history__row\">\n                <div class=\"wp-block-acf-ktk-history__col wp-block-acf-ktk-history__col--year\">\n                    <div class=\"wp-block-acf-ktk-history__year\">\n                        2020                    <\/div>        \n                <\/div>\n                <div class=\"wp-block-acf-ktk-history__col wp-block-acf-ktk-history__col--text\">                    \n                    <div class=\"wp-block-acf-ktk-history__title\">\n                        Arriva Udine                    <\/div>\n                                            <div class=\"wp-block-acf-ktk-history__description\">\n                            <p>SAF cambia denominazione in <strong>Arriva Udine<\/strong><\/p>\n                        <\/div>\n                                    <\/div>\n            <\/div>\n            <\/div>\n<\/div><\/div>\n\n\n\n<p><\/p>\n","protected":false},"excerpt":{"rendered":"","protected":false},"author":22,"featured_media":0,"parent":0,"menu_order":0,"comment_status":"closed","ping_status":"closed","template":"","meta":[],"yoast_head":"<!-- This site is optimized with the Yoast SEO plugin v20.1 - https:\/\/yoast.com\/wordpress\/plugins\/seo\/ -->\n<title>Storia - Arriva Italia - Udine<\/title>\n<meta name=\"robots\" content=\"index, follow, max-snippet:-1, max-image-preview:large, max-video-preview:-1\" \/>\n<link rel=\"canonical\" href=\"https:\/\/www.arrivaudine.it\/en\/storia\/\" \/>\n<meta property=\"og:locale\" content=\"en_US\" \/>\n<meta property=\"og:type\" content=\"article\" \/>\n<meta property=\"og:title\" content=\"Storia - Arriva Italia - Udine\" \/>\n<meta property=\"og:url\" content=\"https:\/\/www.arrivaudine.it\/en\/storia\/\" \/>\n<meta property=\"og:site_name\" content=\"Arriva Italia - Udine\" \/>\n<meta property=\"article:modified_time\" content=\"2022-09-28T15:37:15+00:00\" \/>\n<meta property=\"og:image\" content=\"https:\/\/arriva.it\/app\/uploads\/sites\/8\/2021\/02\/bus-saita-2.jpg\" \/>\n<meta name=\"twitter:card\" content=\"summary_large_image\" \/>\n<script type=\"application\/ld+json\" class=\"yoast-schema-graph\">{\"@context\":\"https:\/\/schema.org\",\"@graph\":[{\"@type\":\"WebPage\",\"@id\":\"https:\/\/www.arrivaudine.it\/en\/storia\/\",\"url\":\"https:\/\/www.arrivaudine.it\/en\/storia\/\",\"name\":\"Storia - Arriva Italia - Udine\",\"isPartOf\":{\"@id\":\"https:\/\/www.arrivaudine.it\/#website\"},\"datePublished\":\"2020-12-04T14:30:53+00:00\",\"dateModified\":\"2022-09-28T15:37:15+00:00\",\"breadcrumb\":{\"@id\":\"https:\/\/www.arrivaudine.it\/en\/storia\/#breadcrumb\"},\"inLanguage\":\"en-US\",\"potentialAction\":[{\"@type\":\"ReadAction\",\"target\":[\"https:\/\/www.arrivaudine.it\/en\/storia\/\"]}]},{\"@type\":\"BreadcrumbList\",\"@id\":\"https:\/\/www.arrivaudine.it\/en\/storia\/#breadcrumb\",\"itemListElement\":[{\"@type\":\"ListItem\",\"position\":1,\"name\":\"Home\",\"item\":\"https:\/\/www.arrivaudine.it\/en\/\"},{\"@type\":\"ListItem\",\"position\":2,\"name\":\"Storia\"}]},{\"@type\":\"WebSite\",\"@id\":\"https:\/\/www.arrivaudine.it\/#website\",\"url\":\"https:\/\/www.arrivaudine.it\/\",\"name\":\"Arriva Italia - Udine\",\"description\":\"\",\"potentialAction\":[{\"@type\":\"SearchAction\",\"target\":{\"@type\":\"EntryPoint\",\"urlTemplate\":\"https:\/\/www.arrivaudine.it\/?s={search_term_string}\"},\"query-input\":\"required name=search_term_string\"}],\"inLanguage\":\"en-US\"}]}<\/script>\n<!-- \/ Yoast SEO plugin. -->","yoast_head_json":{"title":"Storia - Arriva Italia - Udine","robots":{"index":"index","follow":"follow","max-snippet":"max-snippet:-1","max-image-preview":"max-image-preview:large","max-video-preview":"max-video-preview:-1"},"canonical":"https:\/\/www.arrivaudine.it\/en\/storia\/","og_locale":"en_US","og_type":"article","og_title":"Storia - Arriva Italia - Udine","og_url":"https:\/\/www.arrivaudine.it\/en\/storia\/","og_site_name":"Arriva Italia - Udine","article_modified_time":"2022-09-28T15:37:15+00:00","og_image":[{"url":"https:\/\/arriva.it\/app\/uploads\/sites\/8\/2021\/02\/bus-saita-2.jpg"}],"twitter_card":"summary_large_image","schema":{"@context":"https:\/\/schema.org","@graph":[{"@type":"WebPage","@id":"https:\/\/www.arrivaudine.it\/en\/storia\/","url":"https:\/\/www.arrivaudine.it\/en\/storia\/","name":"Storia - Arriva Italia - Udine","isPartOf":{"@id":"https:\/\/www.arrivaudine.it\/#website"},"datePublished":"2020-12-04T14:30:53+00:00","dateModified":"2022-09-28T15:37:15+00:00","breadcrumb":{"@id":"https:\/\/www.arrivaudine.it\/en\/storia\/#breadcrumb"},"inLanguage":"en-US","potentialAction":[{"@type":"ReadAction","target":["https:\/\/www.arrivaudine.it\/en\/storia\/"]}]},{"@type":"BreadcrumbList","@id":"https:\/\/www.arrivaudine.it\/en\/storia\/#breadcrumb","itemListElement":[{"@type":"ListItem","position":1,"name":"Home","item":"https:\/\/www.arrivaudine.it\/en\/"},{"@type":"ListItem","position":2,"name":"Storia"}]},{"@type":"WebSite","@id":"https:\/\/www.arrivaudine.it\/#website","url":"https:\/\/www.arrivaudine.it\/","name":"Arriva Italia - Udine","description":"","potentialAction":[{"@type":"SearchAction","target":{"@type":"EntryPoint","urlTemplate":"https:\/\/www.arrivaudine.it\/?s={search_term_string}"},"query-input":"required name=search_term_string"}],"inLanguage":"en-US"}]}},"acf":{"featured_image_mask":"none"},"_links":{"self":[{"href":"https:\/\/www.arrivaudine.it\/en\/wp-json\/wp\/v2\/pages\/883"}],"collection":[{"href":"https:\/\/www.arrivaudine.it\/en\/wp-json\/wp\/v2\/pages"}],"about":[{"href":"https:\/\/www.arrivaudine.it\/en\/wp-json\/wp\/v2\/types\/page"}],"author":[{"embeddable":true,"href":"https:\/\/www.arrivaudine.it\/en\/wp-json\/wp\/v2\/users\/22"}],"replies":[{"embeddable":true,"href":"https:\/\/www.arrivaudine.it\/en\/wp-json\/wp\/v2\/comments?post=883"}],"version-history":[{"count":6,"href":"https:\/\/www.arrivaudine.it\/en\/wp-json\/wp\/v2\/pages\/883\/revisions"}],"predecessor-version":[{"id":3229,"href":"https:\/\/www.arrivaudine.it\/en\/wp-json\/wp\/v2\/pages\/883\/revisions\/3229"}],"wp:attachment":[{"href":"https:\/\/www.arrivaudine.it\/en\/wp-json\/wp\/v2\/media?parent=883"}],"curies":[{"name":"wp","href":"https:\/\/api.w.org\/{rel}","templated":true}]}}